{"id":1166,"date":"2018-03-17T18:10:24","date_gmt":"2018-03-17T18:10:24","guid":{"rendered":"http:\/\/www.dgft.de\/?page_id=1166"},"modified":"2024-10-18T09:38:46","modified_gmt":"2024-10-18T07:38:46","slug":"impressum-2","status":"publish","type":"page","link":"https:\/\/www.dgft.de\/en\/impressum-2\/","title":{"rendered":"Impressum"},"content":{"rendered":"<div class=\"fusion-fullwidth fullwidth-box fusion-builder-row-1 nonhundred-percent-fullwidth non-hundred-percent-height-scrolling\" style=\"--awb-border-radius-top-left:0px;--awb-border-radius-top-right:0px;--awb-border-radius-bottom-right:0px;--awb-border-radius-bottom-left:0px;--awb-flex-wrap:wrap;\" ><div class=\"fusion-builder-row fusion-row\"><div class=\"fusion-layout-column fusion_builder_column fusion-builder-column-0 fusion_builder_column_1_1 1_1 fusion-one-full fusion-column-first fusion-column-last\" style=\"--awb-bg-size:cover;\"><div class=\"fusion-column-wrapper fusion-flex-column-wrapper-legacy\"><div class=\"fusion-text fusion-text-1\"><h1 class=\"fusion-responsive-typography-calculated\" style=\"color: #31388c; --fontsize: 32; line-height: 1.2;\" data-fontsize=\"32\" data-lineheight=\"38.4px\">Impressum<\/h1>\n<h2 class=\"fusion-responsive-typography-calculated\" style=\"--fontsize: 20; line-height: 1.5; --minfontsize: 20;\" data-fontsize=\"20\" data-lineheight=\"30px\">Inhaltlich verantwortlich gem\u00e4ss \u00a76 MDStV<\/h2>\n<p>Deutsche Gesellschaft f\u00fcr Theatertherapie e. V.<br \/>\nGro\u00dfbeerenstr. 65<br \/>\n10963 Berlin<br \/>\nTel.: 01523 8501660<br \/>\n<a href=\"mailto:info@theatertherapie.org\">info@dgft.de<\/a><br \/>\nwww.dgft.de<\/p>\n<p>Henk G\u00f6bel (Vorstand)<br \/>\n<a href=\"mailto:henk.goebel@dgft.de\">henk.goebel@dgft.de<\/a><\/p>\n<h2 class=\"fusion-responsive-typography-calculated\" style=\"--fontsize: 20; line-height: 1.5; --minfontsize: 20;\" data-fontsize=\"20\" data-lineheight=\"30px\">Gestaltung<\/h2>\n<p>Matthis Hugo &#8211; <a href=\"http:\/\/www.konturenreich.de\">KONTURENREICH | Kommunikationsdesign<\/a><\/p>\n<p>Christine Ritter, Tobias Constien<\/p>\n<h2 class=\"fusion-responsive-typography-calculated\" style=\"--fontsize: 20; line-height: 1.5; --minfontsize: 20;\" data-fontsize=\"20\" data-lineheight=\"30px\">Programmierung<\/h2>\n<p>birdfish Internet &amp; Multimedia &#8211; <a href=\"http:\/\/www.birdfish.de\" target=\"_blank\" rel=\"noopener noreferrer\">www.birdfish.de<\/a><\/p>\n<h2 class=\"fusion-responsive-typography-calculated\" style=\"--fontsize: 20; line-height: 1.5; --minfontsize: 20;\" data-fontsize=\"20\" data-lineheight=\"30px\">Hinweis<\/h2>\n<p>Trotz sorgf\u00e4ltiger inhaltlicher Kontrolle \u00fcbernehmen wir keine Haftung f\u00fcr Inhalte externer Links. F\u00fcr den Inhalt der verlinkten Seiten sind ausschlie\u00dflich deren Betreiber verantwortlich.<\/p>\n<h2 class=\"fusion-responsive-typography-calculated\" style=\"--fontsize: 20; line-height: 1.5; --minfontsize: 20;\" data-fontsize=\"20\" data-lineheight=\"30px\">Urheberrecht<\/h2>\n<p>An den eigenen Inhalten steht der DGfT das Urheberrecht zu. Eine Vervielf\u00e4ltigung in anderen elektronischen oder gedruckten Medien bedarf der vorherigen Zustimmung.<\/p>\n<\/div><div class=\"fusion-clearfix\"><\/div><\/div><\/div><\/div><\/div>\n","protected":false},"excerpt":{"rendered":"<p>Impressum Inhaltlich verantwortlich gem\u00e4ss \u00a76 MDStV Deutsche Gesellschaft f\u00fcr Theatertherapie e. V. Gro\u00dfbeerenstr. 65 10963 Berlin Tel.: 01523 8501660 info@dgft.de www.dgft.de Henk G\u00f6bel (Vorstand) henk.goebel@dgft.de Gestaltung Matthis Hugo &#8211; KONTURENREICH | Kommunikationsdesign Christine Ritter, Tobias Constien Programmierung birdfish Internet &amp; Multimedia &#8211; www.birdfish.de Hinweis Trotz sorgf\u00e4ltiger inhaltlicher Kontrolle \u00fcbernehmen wir keine Haftung f\u00fcr Inhalte externer  [&#8230;]<\/p>\n","protected":false},"author":2,"featured_media":0,"parent":0,"menu_order":0,"comment_status":"closed","ping_status":"closed","template":"","meta":{"_bbp_topic_count":0,"_bbp_reply_count":0,"_bbp_total_topic_count":0,"_bbp_total_reply_count":0,"_bbp_voice_count":0,"_bbp_anonymous_reply_count":0,"_bbp_topic_count_hidden":0,"_bbp_reply_count_hidden":0,"_bbp_forum_subforum_count":0,"footnotes":""},"class_list":["post-1166","page","type-page","status-publish","hentry"],"_links":{"self":[{"href":"https:\/\/www.dgft.de\/en\/wp-json\/wp\/v2\/pages\/1166","targetHints":{"allow":["GET"]}}],"collection":[{"href":"https:\/\/www.dgft.de\/en\/wp-json\/wp\/v2\/pages"}],"about":[{"href":"https:\/\/www.dgft.de\/en\/wp-json\/wp\/v2\/types\/page"}],"author":[{"embeddable":true,"href":"https:\/\/www.dgft.de\/en\/wp-json\/wp\/v2\/users\/2"}],"replies":[{"embeddable":true,"href":"https:\/\/www.dgft.de\/en\/wp-json\/wp\/v2\/comments?post=1166"}],"version-history":[{"count":8,"href":"https:\/\/www.dgft.de\/en\/wp-json\/wp\/v2\/pages\/1166\/revisions"}],"predecessor-version":[{"id":4986,"href":"https:\/\/www.dgft.de\/en\/wp-json\/wp\/v2\/pages\/1166\/revisions\/4986"}],"wp:attachment":[{"href":"https:\/\/www.dgft.de\/en\/wp-json\/wp\/v2\/media?parent=1166"}],"curies":[{"name":"wp","href":"https:\/\/api.w.org\/{rel}","templated":true}]}}