{"id":2207,"date":"2020-08-26T11:34:09","date_gmt":"2020-08-26T11:34:09","guid":{"rendered":"http:\/\/www.dgft.de\/?page_id=2207"},"modified":"2026-02-25T19:24:39","modified_gmt":"2026-02-25T18:24:39","slug":"satzung","status":"publish","type":"page","link":"https:\/\/www.dgft.de\/en\/about_us\/bylaws\/","title":{"rendered":"Bylaws"},"content":{"rendered":"<p><div class=\"fusion-fullwidth fullwidth-box fusion-builder-row-1 nonhundred-percent-fullwidth non-hundred-percent-height-scrolling\" style=\"--awb-border-radius-top-left:0px;--awb-border-radius-top-right:0px;--awb-border-radius-bottom-right:0px;--awb-border-radius-bottom-left:0px;--awb-padding-top:0px;--awb-padding-bottom:0px;--awb-flex-wrap:wrap;\" ><div class=\"fusion-builder-row fusion-row\"><div class=\"fusion-layout-column fusion_builder_column fusion-builder-column-0 fusion_builder_column_1_1 1_1 fusion-one-full fusion-column-first fusion-column-last\" style=\"--awb-bg-size:cover;--awb-margin-bottom:0px;\"><div class=\"fusion-column-wrapper fusion-flex-column-wrapper-legacy\"><div class=\"fusion-title title fusion-title-1 fusion-sep-none fusion-title-text fusion-title-size-one\"><h1 class=\"fusion-title-heading title-heading-left fusion-responsive-typography-calculated\" style=\"margin:0;--fontSize:32;line-height:1.2;\"><h1 class=\"fusion-responsive-typography-calculated\" data-fontsize=\"32\" data-lineheight=\"38.400002px\">Bylaws of the DGfT e.V.<\/h1><\/h1><\/div><div class=\"fusion-text fusion-text-1\" style=\"--awb-text-transform:none;\"><p style=\"text-align: left;\"><div class=\"fusion-fa-align-left\"><i class=\"fb-icon-element-1 fb-icon-element fontawesome-icon fa-chevron-down fas circle-yes\" style=\"--awb-circlecolor:#bb4655;--awb-circlecolor-hover:#bb4655;--awb-circlebordercolor:#bb4655;--awb-circlebordercolor-hover:#bb4655;--awb-circlebordersize:1px;--awb-font-size:12.32px;--awb-width:24.64px;--awb-height:24.64px;--awb-line-height:22.64px;--awb-margin-right:7px;\"><\/i><\/div> <a href=\"https:\/\/www.dgft.de\/wp-content\/uploads\/Satzung-DGfT-2023-05-17-2spaltig.pdf\">Download bylaw<\/a> <span style=\"font-size: 12px;\">(pdf)<br \/>\n<strong>please note<\/strong> At this time, our bylaws are only available in German. However, if you need more information, please <a href=\"https:\/\/www.dgft.de\/about_us_en\/contact-us_en\/\" target=\"_blank\" rel=\"noopener noreferrer\">reach out to us<\/a>!<\/span><\/p>\n<\/div><div class=\"fusion-clearfix\"><\/div><\/div><\/div><\/div><\/div><div class=\"fusion-fullwidth fullwidth-box fusion-builder-row-2 nonhundred-percent-fullwidth non-hundred-percent-height-scrolling\" style=\"--awb-border-radius-top-left:0px;--awb-border-radius-top-right:0px;--awb-border-radius-bottom-right:0px;--awb-border-radius-bottom-left:0px;--awb-flex-wrap:wrap;\" ><div class=\"fusion-builder-row fusion-row\"><div class=\"fusion-layout-column fusion_builder_column fusion-builder-column-1 fusion_builder_column_1_1 1_1 fusion-one-full fusion-column-first fusion-column-last\" style=\"--awb-padding-left:10px;--awb-bg-size:cover;\"><div class=\"fusion-column-wrapper fusion-column-has-shadow fusion-flex-column-wrapper-legacy\"><div class=\"accordian fusion-accordian\" style=\"--awb-border-size:1px;--awb-icon-size:15px;--awb-content-font-size:16px;--awb-icon-alignment:left;--awb-hover-color:#f9f9f9;--awb-border-color:#cccccc;--awb-background-color:#ffffff;--awb-divider-color:#e0dede;--awb-divider-hover-color:#e0dede;--awb-icon-color:#ffffff;--awb-title-color:#31388c;--awb-content-color:#515050;--awb-icon-box-color:#bb4655;--awb-toggle-hover-accent-color:#333333;--awb-title-font-family:&quot;Slabo 13px&quot;;--awb-title-font-weight:400;--awb-title-font-style:normal;--awb-title-font-size:16px;--awb-content-font-family:&quot;Slabo 13px&quot;;--awb-content-font-style:normal;--awb-content-font-weight:regular;\"><div class=\"panel-group fusion-toggle-icon-boxed\" id=\"accordion-2207-1\"><div class=\"fusion-panel panel-default panel-ee833e1a52ce8f047 fusion-toggle-has-divider\"><div class=\"panel-heading\"><h4 class=\"panel-title toggle\" id=\"toggle_ee833e1a52ce8f047\"><a aria-expanded=\"false\" aria-controls=\"ee833e1a52ce8f047\" role=\"button\" data-toggle=\"collapse\" data-parent=\"#accordion-2207-1\" data-target=\"#ee833e1a52ce8f047\" href=\"#ee833e1a52ce8f047\"><span class=\"fusion-toggle-icon-wrapper\" aria-hidden=\"true\"><i class=\"fa-fusion-box active-icon awb-icon-minus\" aria-hidden=\"true\"><\/i><i class=\"fa-fusion-box inactive-icon awb-icon-plus\" aria-hidden=\"true\"><\/i><\/span><span class=\"fusion-toggle-heading\">\u00a7 1 Name und Sitz<\/span><\/a><\/h4><\/div><div id=\"ee833e1a52ce8f047\" class=\"panel-collapse collapse \" aria-labelledby=\"toggle_ee833e1a52ce8f047\"><div class=\"panel-body toggle-content fusion-clearfix\"> 1.1. Der Verein tr\u00e4gt den Namen \u201eDeutsche Gesell&shy;schaft f\u00fcr Theatertherapie e. V.\u201c (DGfT e.V.) 1.2 Der Verein hat seinen Sitz in Berlin. <\/div><\/div><\/div><div class=\"fusion-panel panel-default panel-7595048b9ac4ac6c3 fusion-toggle-has-divider\"><div class=\"panel-heading\"><h4 class=\"panel-title toggle\" id=\"toggle_7595048b9ac4ac6c3\"><a aria-expanded=\"false\" aria-controls=\"7595048b9ac4ac6c3\" role=\"button\" data-toggle=\"collapse\" data-parent=\"#accordion-2207-1\" data-target=\"#7595048b9ac4ac6c3\" href=\"#7595048b9ac4ac6c3\"><span class=\"fusion-toggle-icon-wrapper\" aria-hidden=\"true\"><i class=\"fa-fusion-box active-icon awb-icon-minus\" aria-hidden=\"true\"><\/i><i class=\"fa-fusion-box inactive-icon awb-icon-plus\" aria-hidden=\"true\"><\/i><\/span><span class=\"fusion-toggle-heading\">\u00a7 2 Zweck und Steuerbeg\u00fcnstigung<\/span><\/a><\/h4><\/div><div id=\"7595048b9ac4ac6c3\" class=\"panel-collapse collapse \" aria-labelledby=\"toggle_7595048b9ac4ac6c3\"><div class=\"panel-body toggle-content fusion-clearfix\"> 2.1. Der Verein verfolgt ausschlie\u00dflich und unmittelbar gemeinn\u00fctzige Zwecke im Sinne des Abschnitts \u201esteuerbeg\u00fcnstigte Zwecke der Abgabenordnung\u201c. Zweck des Vereins ist die F\u00f6rderung der Erziehung, Volks- und Berufsausbildung einschlie\u00dflich der Studentenhilfe. Der Verein verfolgt weiterhin Zwecke zur F\u00f6rderung der Kunst sowie der F\u00f6rde&shy;rung von Wissenschaft und Forschung auf dem Gebiet der Theatertherapie. 2.2. Der Zweck des Vereins wird verwirklicht insbeson&shy;dere durch die Durchf\u00fchrung und Organisation von Informations- und Fortbildungsveranstaltungen, Symposien, Kongressen und Gestaltung und Durch&shy;f\u00fchrung von \u00f6ffentlichen Theaterauff\u00fchrungen. Ferner durch die Herausgabe von Publikationen \u00fcber entsprechende Arbeiten auf dem Gebiet der Wissenschaft und Praxis im Bildungs-, Sozial- und Gesundheitswesen, in denen die Forschungs- und Untersuchungsergebnisse zeitnah ver\u00f6ffentlicht werden. 2.3 Eine \u00c4nderung des Vereinszwecks ist mit der glei&shy;chen Mehrheit zu beschlie\u00dfen, wie eine Satzungs&shy;\u00e4nderung. 2.4 Der Verein ist selbstlos t\u00e4tig, er verfolgt nicht in erster Linie eigenwirtschaftliche Ziele. 2.5 Mittel des Vereins d\u00fcrfen nur f\u00fcr die satzungs&shy;gem\u00e4\u00dfen Zwecke verwendet werden. 2.6 Die Mitglieder des Vereins erhalten keine Zuwen&shy;dungen aus den Mitteln des Vereins. 2.7 Es darf keine Person durch Ausgaben, die dem Zweck des Vereins fremd sind oder durch unver&shy;h\u00e4ltnism\u00e4\u00dfig hohe Verg\u00fctungen beg\u00fcnstigt werden. 2.8 Der Verein erf\u00fcllt seine Aufgaben aus den Ertr\u00e4g&shy;nissen des Vereins. Er kann, soweit dies erforder&shy;lich ist und der nachhaltigen Erf\u00fcllung des Zwecks dient, R\u00fccklagen gem\u00e4\u00df \u00a7 58 Ziff. 6 und 7 a der Abgabenordnung bilden. 2.9 Der Vorstand ist grunds\u00e4tzlich ehrenamtlich t\u00e4tig. Die Mitgliederversammlung kann eine j\u00e4hrliche, angemessene pauschale T\u00e4tigkeitsverg\u00fctung f\u00fcr Vorstandsmitglieder beschlie\u00dfen. <\/div><\/div><\/div><div class=\"fusion-panel panel-default panel-d846ed78636dc4b2b fusion-toggle-has-divider\"><div class=\"panel-heading\"><h4 class=\"panel-title toggle\" id=\"toggle_d846ed78636dc4b2b\"><a aria-expanded=\"false\" aria-controls=\"d846ed78636dc4b2b\" role=\"button\" data-toggle=\"collapse\" data-parent=\"#accordion-2207-1\" data-target=\"#d846ed78636dc4b2b\" href=\"#d846ed78636dc4b2b\"><span class=\"fusion-toggle-icon-wrapper\" aria-hidden=\"true\"><i class=\"fa-fusion-box active-icon awb-icon-minus\" aria-hidden=\"true\"><\/i><i class=\"fa-fusion-box inactive-icon awb-icon-plus\" aria-hidden=\"true\"><\/i><\/span><span class=\"fusion-toggle-heading\">\u00a7 3 Mitgliedschaft<\/span><\/a><\/h4><\/div><div id=\"d846ed78636dc4b2b\" class=\"panel-collapse collapse \" aria-labelledby=\"toggle_d846ed78636dc4b2b\"><div class=\"panel-body toggle-content fusion-clearfix\"> 3.1 Mitglied des Vereins kann jede nat\u00fcrliche und jede juristische Person des \u00f6ffentlichen und privaten Rechts werden. 3.2 \u00dcber den schriftlichen Aufnahmeantrag entscheidet der Vorstand mit einfacher Stimmenmehrheit, so&shy;fern nur zwei Personen den Vorstand bilden, ein&shy;stimmig. 3.3 Die Mitgliedschaft endet durch Tod, Austritt oder Ausschluss. 3.4 Die Mitgliedschaft endet bei Nichterf\u00fcllung der Beitragspflicht \u00fcber einen Zeitraum von zwei Jahren nach schriftlicher Mahnung des Vorstandes. 3.5 Der Austritt eines Mitgliedes ist jeweils zum Jahres&shy;ende in schriftlicher Form unter Einhaltung einer Frist von zwei Monaten gegen\u00fcber dem Vorstand zu erkl\u00e4ren. <\/div><\/div><\/div><div class=\"fusion-panel panel-default panel-8d187ae1583653431 fusion-toggle-has-divider\"><div class=\"panel-heading\"><h4 class=\"panel-title toggle\" id=\"toggle_8d187ae1583653431\"><a aria-expanded=\"false\" aria-controls=\"8d187ae1583653431\" role=\"button\" data-toggle=\"collapse\" data-parent=\"#accordion-2207-1\" data-target=\"#8d187ae1583653431\" href=\"#8d187ae1583653431\"><span class=\"fusion-toggle-icon-wrapper\" aria-hidden=\"true\"><i class=\"fa-fusion-box active-icon awb-icon-minus\" aria-hidden=\"true\"><\/i><i class=\"fa-fusion-box inactive-icon awb-icon-plus\" aria-hidden=\"true\"><\/i><\/span><span class=\"fusion-toggle-heading\">\u00a7 4 Beitr\u00e4ge<\/span><\/a><\/h4><\/div><div id=\"8d187ae1583653431\" class=\"panel-collapse collapse \" aria-labelledby=\"toggle_8d187ae1583653431\"><div class=\"panel-body toggle-content fusion-clearfix\"> 4.1 Es ist ein Mitgliedsbeitrag als regelm\u00e4\u00dfiger Jahres&shy;beitrag zu entrichten. 4.2 Der Jahresbeitrag wird von der Mitgliederversamm&shy;lung festgesetzt. <\/div><\/div><\/div><div class=\"fusion-panel panel-default panel-0d57857be736807d1 fusion-toggle-has-divider\"><div class=\"panel-heading\"><h4 class=\"panel-title toggle\" id=\"toggle_0d57857be736807d1\"><a aria-expanded=\"false\" aria-controls=\"0d57857be736807d1\" role=\"button\" data-toggle=\"collapse\" data-parent=\"#accordion-2207-1\" data-target=\"#0d57857be736807d1\" href=\"#0d57857be736807d1\"><span class=\"fusion-toggle-icon-wrapper\" aria-hidden=\"true\"><i class=\"fa-fusion-box active-icon awb-icon-minus\" aria-hidden=\"true\"><\/i><i class=\"fa-fusion-box inactive-icon awb-icon-plus\" aria-hidden=\"true\"><\/i><\/span><span class=\"fusion-toggle-heading\">\u00a7 5 Organe<\/span><\/a><\/h4><\/div><div id=\"0d57857be736807d1\" class=\"panel-collapse collapse \" aria-labelledby=\"toggle_0d57857be736807d1\"><div class=\"panel-body toggle-content fusion-clearfix\"> 5.1 Organe des Vereins sind<\/p>\n<ul>\n<li>die Mitgliederversammlung<\/li>\n<li>der Vorstand<\/li>\n<li>der Ethikbeirat<\/li>\n<li>die Schiedskommission<\/li>\n<\/ul>\n<\/div><\/div><\/div><div class=\"fusion-panel panel-default panel-5fde431b22e094e50 fusion-toggle-has-divider\"><div class=\"panel-heading\"><h4 class=\"panel-title toggle\" id=\"toggle_5fde431b22e094e50\"><a aria-expanded=\"false\" aria-controls=\"5fde431b22e094e50\" role=\"button\" data-toggle=\"collapse\" data-parent=\"#accordion-2207-1\" data-target=\"#5fde431b22e094e50\" href=\"#5fde431b22e094e50\"><span class=\"fusion-toggle-icon-wrapper\" aria-hidden=\"true\"><i class=\"fa-fusion-box active-icon awb-icon-minus\" aria-hidden=\"true\"><\/i><i class=\"fa-fusion-box inactive-icon awb-icon-plus\" aria-hidden=\"true\"><\/i><\/span><span class=\"fusion-toggle-heading\">\u00a7 6 Mitgliederversammlung<\/span><\/a><\/h4><\/div><div id=\"5fde431b22e094e50\" class=\"panel-collapse collapse \" aria-labelledby=\"toggle_5fde431b22e094e50\"><div class=\"panel-body toggle-content fusion-clearfix\"> 6.1 Die Mitgliederversammlung ist 1 x j\u00e4hrlich vom Vorstand schriftlich einzuberufen unter Wahrung einer Frist von 4 Wochen und der Bekanntgabe der Tagesordnung. 6.2 Au\u00dferordentliche Mitgliederversammlungen sind einzuberufen, wenn: a.) es das Interesse des Vereins erfordert oder b.) die Berufung von 1\/3 der Mitglieder verlangt wird. Soweit dies mit dem Verlangen beantragt wird, ist die Mitgliederversammlung als Pr\u00e4senzversammlung durchzuf\u00fchren. 6.3 An Stelle einer Mitgliederversammlung nach Abs. 6.1 kann zu einer virtuellen Mitgliederversammlung einberufen werden. Die virtuelle Mitgliederversammlung ist gegen\u00fcber der pr\u00e4senten Mitgliederversammlung nach Abs. 6.1 nachrangig. Der Vorstand entscheidet hier\u00fcber nach seinem Ermessen und teilt dies den Mitgliedern in der Einladung mit. Virtuelle Mitgliederversammlungen finden in einem nur f\u00fcr Mitglieder zug\u00e4nglichen Chatroom oder per Video oder Telefonkonferenz statt. Die Mitglieder erhalten hierf\u00fcr rechtzeitig ein Passwort. Die sonstigen Bedingungen der virtuellen Mitgliederversammlung richten sich nach den allgemeinen Bestimmungen \u00fcber die Mitgliederversammlung. Eine virtuelle Mitgliederversammlung \u00fcber die Aufl\u00f6sung des Vereins ist unzul\u00e4ssig. 6.4 Die Einberufung der Versammlung muss die Gegenst\u00e4nde der Beschlussfassung (Tages&shy;ordnung) bezeichnen. Die Einberufung der Ver&shy;sammlung erfolgt schriftlich an die zuletzt mitgeteilte Anschrift des Mitgliedes. Ist eine E-Mail-Adresse des Mitgliedes mitgeteilt, kann die Einladung dieses Mitgliedes auch an die zuletzt benannte E-Mail-Adresse erfolgen, wenn nichts anderes schriftlich gegen\u00fcber dem Verein bestimmt ist. 6.5 Die ordnungsgem\u00e4\u00df einberufene Versammlung ist stets beschlussf\u00e4hig. 6.6 Die Versammlung wird, soweit nichts Abweichendes beschlossen wird, von einem Mitglied des Vorstan&shy;des geleitet. 6.7 Die Mitgliederversammlung hat die Aufgaben:<\/p>\n<ul>\n<li>Wahl des Vorstandes<\/li>\n<li>Entgegennahme des Rechenschaftsberichtes des Vorstandes und dessen Entlastung<\/li>\n<li>Festsetzung der H\u00f6he der Mitgliedsbeitr\u00e4ge<\/li>\n<li>Ausschluss eines Mitgliedes<\/li>\n<li>Beschl\u00fcsse \u00fcber Satzungs\u00e4nderungen<\/li>\n<li>Vereinsaufl\u00f6sung.<\/li>\n<\/ul>\n<p>6.8 Beschlussfassung und Wahl erfolgen offen. Block&shy;wahlen sind zul\u00e4ssig. Die Mitgliederversammlung kann ein abweichendes Verfahren beschlie\u00dfen. 6.9 Die Mitgliederversammlung fasst ihre Beschl\u00fcsse im Allgemeinen mit einfacher Mehrheit der abge&shy;gebenen g\u00fcltigen Stimmen. Beschl\u00fcsse \u00fcber Satzungs\u00e4nderungen und die Vereinsaufl\u00f6sung bed\u00fcrfen einer Mehrheit von 2\/3 der abgegebenen Stimmen. Stimmenthaltungen gelten als nicht abge&shy;gebene Stimmen. Die Beschl\u00fcsse werden proto&shy;kolliert. Das Protokoll hat Ort, Datum und Tages&shy;ordnung sowie das Ergebnis der Abstimmung\/Wahl zu enthalten und ist vom Versammlungsleiter zu unterschreiben. 6.10 Vollmachten oder Stimmboten sind nicht zugelas&shy;sen. <\/div><\/div><\/div><div class=\"fusion-panel panel-default panel-00b21f6dedb016ad6 fusion-toggle-has-divider\"><div class=\"panel-heading\"><h4 class=\"panel-title toggle\" id=\"toggle_00b21f6dedb016ad6\"><a aria-expanded=\"false\" aria-controls=\"00b21f6dedb016ad6\" role=\"button\" data-toggle=\"collapse\" data-parent=\"#accordion-2207-1\" data-target=\"#00b21f6dedb016ad6\" href=\"#00b21f6dedb016ad6\"><span class=\"fusion-toggle-icon-wrapper\" aria-hidden=\"true\"><i class=\"fa-fusion-box active-icon awb-icon-minus\" aria-hidden=\"true\"><\/i><i class=\"fa-fusion-box inactive-icon awb-icon-plus\" aria-hidden=\"true\"><\/i><\/span><span class=\"fusion-toggle-heading\">\u00a7 7 Vorstand<\/span><\/a><\/h4><\/div><div id=\"00b21f6dedb016ad6\" class=\"panel-collapse collapse \" aria-labelledby=\"toggle_00b21f6dedb016ad6\"><div class=\"panel-body toggle-content fusion-clearfix\"> 7.1 Der Vorstand besteht aus mindestens zwei Perso&shy;nen maximal vier Personen. 7.2 Jedes Vorstandsmitglied ist einzelvertretungs&shy;berechtigt. 7.3 Im Innenverh\u00e4ltnis gibt sich der Vorstand eine Gesch\u00e4ftsordnung, in der die Aufgabenverteilung der Vorstandsmitglieder geregelt ist. Beschl\u00fcsse eines Vorstandsmitgliedes im Rahmen des ihm \u00fcbertragenen Aufgabengebietes sind wirksam, wenn sie schriftlich allen Vorstandsmitgliedern bekannt gegeben wurden und kein anderes Vor&shy;standsmitglied binnen zwei Wochen ab Information schriftlich dem Beschluss widersprochen hat. Im \u00dcbrigen entscheidet der Vorstand mit Stimmen&shy;mehrheit. Bei Stimmengleichheit entscheidet die Stimme des ersten Vorsitzenden. Im \u00dcbrigen entscheidet der Vorstand mit Stimmenmehrheit. 7.4 Der Vorstand wird von der Mitgliederversammlung f\u00fcr die Dauer von zwei Jahren gew\u00e4hlt. Er bleibt bis zur Neuwahl eines Vorstandes im Amt. <\/div><\/div><\/div><div class=\"fusion-panel panel-default panel-e41ecc15c420f2849 fusion-toggle-has-divider\"><div class=\"panel-heading\"><h4 class=\"panel-title toggle\" id=\"toggle_e41ecc15c420f2849\"><a aria-expanded=\"false\" aria-controls=\"e41ecc15c420f2849\" role=\"button\" data-toggle=\"collapse\" data-parent=\"#accordion-2207-1\" data-target=\"#e41ecc15c420f2849\" href=\"#e41ecc15c420f2849\"><span class=\"fusion-toggle-icon-wrapper\" aria-hidden=\"true\"><i class=\"fa-fusion-box active-icon awb-icon-minus\" aria-hidden=\"true\"><\/i><i class=\"fa-fusion-box inactive-icon awb-icon-plus\" aria-hidden=\"true\"><\/i><\/span><span class=\"fusion-toggle-heading\">\u00a7 8 Ethikbeirat<\/span><\/a><\/h4><\/div><div id=\"e41ecc15c420f2849\" class=\"panel-collapse collapse \" aria-labelledby=\"toggle_e41ecc15c420f2849\"><div class=\"panel-body toggle-content fusion-clearfix\"> 8.1. Der Ethikbeirat besteht aus mindestens drei und maximal f\u00fcnf Mitgliedern, die f\u00fcr die Dauer von drei Jahren von der Mitgliederversammlung mit einfacher Mehrheit gew\u00e4hlt werden. 8.2. Mitglieder des Ethikbeirats d\u00fcrfen nicht gleichzeitig einem anderen Organ oder Ausschuss des Vereins angeh\u00f6ren. Dies gilt f\u00fcr gew\u00e4hlte oder berufene Mitgliedschaften in satzungsgem\u00e4\u00dfen Organen im Sinne dieser Satzung, nicht aber f\u00fcr die Mitglieder der Mitgliederversammlung. Mitglieder des Ethikbeirats du\u0308rfen nicht gleichzeitig regelm\u00e4\u00dfig fu\u0308r das Institut fu\u0308r Theatertherapie (ITT) gegen Bezahlung t\u00e4tig sein. 8.3. Die Mitglieder des Ethikbeirats sind zur Verschwiegenheit verpflichtet. 8.4. Der Ethikbeirat kann von jeder nat\u00fcrlichen und juristischen Person zu ethischen Fragen, die den Verband betreffen, kontaktiert werden. 8.5. Der Ethikbeirat informiert den Vorstand und die Mitgliederversammlung in allgemeiner Form \u00fcber seine T\u00e4tigkeiten. 8.6. Der Ethikbeirat kann sich bei komplexen Einzelfallfragestellungen mit dem Vorstand \u00fcber das weitere Vorgehen abstimmen. 8.7. Der Ethikbeirat wird t\u00e4tig bei Anfragen, die ethische Aspekte betreffen, insbesondere:<\/p>\n<ul>\n<li>Beschwerden von nat\u00fcrlichen oder juristischen Personen.<\/li>\n<li>Fragestellungen, die von DGfT-Mitgliedern, zertifizierten Personen oder Institutionen sowie verbandsinternen Organen und Aussch\u00fcssen an ihn herangetragen werden.<\/li>\n<\/ul>\n<p>Der Ethikbeirat ist dazu berechtigt, auch auf eigene Initiative ethische Fragestellungen aufzugreifen und innerhalb des Verbands zum Diskurs anzuregen. 8.8. der Ethikbeirat gibt sich eine \u00f6ffentlich einsehbare Gesch\u00e4ftsordnung <\/div><\/div><\/div><div class=\"fusion-panel panel-default panel-d2cbd7ca0d40c6d21 fusion-toggle-has-divider\"><div class=\"panel-heading\"><h4 class=\"panel-title toggle\" id=\"toggle_d2cbd7ca0d40c6d21\"><a aria-expanded=\"false\" aria-controls=\"d2cbd7ca0d40c6d21\" role=\"button\" data-toggle=\"collapse\" data-parent=\"#accordion-2207-1\" data-target=\"#d2cbd7ca0d40c6d21\" href=\"#d2cbd7ca0d40c6d21\"><span class=\"fusion-toggle-icon-wrapper\" aria-hidden=\"true\"><i class=\"fa-fusion-box active-icon awb-icon-minus\" aria-hidden=\"true\"><\/i><i class=\"fa-fusion-box inactive-icon awb-icon-plus\" aria-hidden=\"true\"><\/i><\/span><span class=\"fusion-toggle-heading\">\u00a7 9 Schiedskommission<\/span><\/a><\/h4><\/div><div id=\"d2cbd7ca0d40c6d21\" class=\"panel-collapse collapse \" aria-labelledby=\"toggle_d2cbd7ca0d40c6d21\"><div class=\"panel-body toggle-content fusion-clearfix\"> 9.1. Die Schiedskommission besteht aus mindestens drei und maximal f\u00fcnf Mitgliedern, die f\u00fcr die Dauer von drei Jahren vom Vorstand vorgeschlagen und von der Mitgliederversammlung mit einfacher Mehrheit best\u00e4tigt werden. Es gibt ein externes Mitglied (kein Vereinsmitglied der DGfT) in der Schiedskommission. 9.2. Mitglieder der Schiedskommission d\u00fcrfen nicht gleichzeitig einem anderen Organ oder Ausschuss des Vereins angeh\u00f6ren. Dies gilt f\u00fcr gew\u00e4hlte oder berufene Mitgliedschaften in satzungsgem\u00e4\u00dfen Organen im Sinne dieser Satzung, nicht aber f\u00fcr die Mitglieder der Mitgliederversammlung. Mitglieder der Schiedskommission du\u0308rfen nicht gleichzeitig regelm\u00e4\u00dfig fu\u0308r das Institut fu\u0308r Theatertherapie (ITT) gegen Bezahlung t\u00e4tig sein. 9.3. Die Mitglieder der Schiedskommission sind zur Verschwiegenheit verpflichtet. 9.4. Die Schiedskommission wird vom Ethikbeirat bei schwerwiegenden Verst\u00f6\u00dfen gegen die Ethikrichtlinien des Vereins angerufen, um eine Empfehlung an den Vorstand u\u0308ber den Ausschluss oder Verbleib eines Vereinsmitglieds im Verein aufgrund dieser Verst\u00f6\u00dfe zu verfassen. 9.5. Vorgehensweise der Schiedskommission: Die Schiedskommission muss allen Beteiligten die M\u00f6glichkeit geben sich zu dem Sachverhalt ausfu\u0308hrlich, in Schriftform oder mu\u0308ndlich, zu \u00e4u\u00dfern. Im Anschluss verfasst die Schiedskommission eine Empfehlung u\u0308ber den Ausschluss oder den Verbleib des Vereinsmitglieds im Verein. Die Empfehlung der Schiedskommission wird schriftlich begru\u0308ndet und an den Ethikbeirat, den Vorstand und das Vereinsmitglied versandt. Ethikbeirat, Vorstand und das Vereinsmitglied haben in einer festzulegenden Frist einmalig die M\u00f6glichkeit gegen die Empfehlung der Schiedskommission Widerspruch einzulegen. Die Schiedskommission muss dargelegte Gru\u0308nde bei Widerspruch bei der abschlie\u00dfenden Empfehlung beru\u0308cksichtigen. Die abschlie\u00dfende Empfehlung wird an den Ethikbeirat, den Vorstand und das Vereinsmitglied gesandt. 9.6. Die Empfehlung der Schiedskommission bildet die Grundlage fu\u0308r den Vorstand u\u0308ber den Ausschluss eines Vereinsmitglieds wegen schwerwiegender Verst\u00f6\u00dfe gegen die Ethikrichtlinien des Vereins durch Stimmenmehrheit zu entscheiden. Der Vorstand informiert das Vereinsmitglied, den Ethikbeirat und die Schiedskommission schriftlich u\u0308ber die Entscheidung. 9.7. Die Schiedskommission kann verpflichtend an den Ethikbeirat verweisen, wenn das Mitglied im Verein bleiben kann, jedoch weiterhin Kl\u00e4rungsbedarf besteht. 9.8. Die Schiedskommission informiert den Vorstand und die Mitgliederversammlung in allgemeiner Form, unter Wahrung des Datenschutzes, \u00fcber seine T\u00e4tigkeiten. 9.9. Die Schiedskommission gibt sich eine \u00f6ffentlich einsehbare Gesch\u00e4ftsordnung <\/div><\/div><\/div><div class=\"fusion-panel panel-default panel-67cee1ca42adb75d5 fusion-toggle-has-divider\"><div class=\"panel-heading\"><h4 class=\"panel-title toggle\" id=\"toggle_67cee1ca42adb75d5\"><a aria-expanded=\"false\" aria-controls=\"67cee1ca42adb75d5\" role=\"button\" data-toggle=\"collapse\" data-parent=\"#accordion-2207-1\" data-target=\"#67cee1ca42adb75d5\" href=\"#67cee1ca42adb75d5\"><span class=\"fusion-toggle-icon-wrapper\" aria-hidden=\"true\"><i class=\"fa-fusion-box active-icon awb-icon-minus\" aria-hidden=\"true\"><\/i><i class=\"fa-fusion-box inactive-icon awb-icon-plus\" aria-hidden=\"true\"><\/i><\/span><span class=\"fusion-toggle-heading\">\u00a7 10 Aufl\u00f6sung des Vereins<\/span><\/a><\/h4><\/div><div id=\"67cee1ca42adb75d5\" class=\"panel-collapse collapse \" aria-labelledby=\"toggle_67cee1ca42adb75d5\"><div class=\"panel-body toggle-content fusion-clearfix\"> 10.1 Bei Aufl\u00f6sung des Vereins oder bei Wegfall steuer&shy;beg\u00fcnstigter Zwecke f\u00e4llt das Verm\u00f6gen des Vereins an den <strong>\u201e\u00c4rzte ohne Grenzen e.V.<\/strong><strong>\u201c, <\/strong>der es unmittelbar und ausschlie\u00dflich f\u00fcr steuer&shy;beg\u00fcnstigte Zwecke zu verwenden hat. <\/div><\/div><\/div><\/div><\/div><div class=\"fusion-text fusion-text-2\" style=\"--awb-text-transform:none;\"><div style=\"padding: 1em 0em 0em 0em;\" align=\"right\"><span style=\"font-size: 12px;\">F\u00fcr Richtigkeit und Vollst\u00e4ndigkeit gem\u00e4\u00df \u00a7 71 Abs. 1 Satz 4 BGB<\/span><\/div>\n<div style=\"font-size: 14px; padding: .5em 0em 0em 0em;\" align=\"right\">Berlin, Stand 17.05.2023<\/div>\n<\/div><div class=\"fusion-clearfix\"><\/div><\/div><\/div><\/div><\/div><\/p>\n","protected":false},"excerpt":{"rendered":"<p>Bylaws of the DGfT e.V. Download bylaw (pdf) please note At this time, our bylaws are only available in German. However, if you need more information, please reach out to us! \u00a7 1 Name und Sitz 1.1. Der Verein tr\u00e4gt den Namen \u201eDeutsche Gesell&shy;schaft f\u00fcr Theatertherapie e. V.\u201c (DGfT e.V.) 1.2 Der Verein hat seinen  [&#8230;]<\/p>\n","protected":false},"author":213,"featured_media":0,"parent":11,"menu_order":3,"comment_status":"closed","ping_status":"closed","template":"","meta":{"_bbp_topic_count":0,"_bbp_reply_count":0,"_bbp_total_topic_count":0,"_bbp_total_reply_count":0,"_bbp_voice_count":0,"_bbp_anonymous_reply_count":0,"_bbp_topic_count_hidden":0,"_bbp_reply_count_hidden":0,"_bbp_forum_subforum_count":0,"footnotes":""},"class_list":["post-2207","page","type-page","status-publish","hentry"],"_links":{"self":[{"href":"https:\/\/www.dgft.de\/en\/wp-json\/wp\/v2\/pages\/2207","targetHints":{"allow":["GET"]}}],"collection":[{"href":"https:\/\/www.dgft.de\/en\/wp-json\/wp\/v2\/pages"}],"about":[{"href":"https:\/\/www.dgft.de\/en\/wp-json\/wp\/v2\/types\/page"}],"author":[{"embeddable":true,"href":"https:\/\/www.dgft.de\/en\/wp-json\/wp\/v2\/users\/213"}],"replies":[{"embeddable":true,"href":"https:\/\/www.dgft.de\/en\/wp-json\/wp\/v2\/comments?post=2207"}],"version-history":[{"count":21,"href":"https:\/\/www.dgft.de\/en\/wp-json\/wp\/v2\/pages\/2207\/revisions"}],"predecessor-version":[{"id":5443,"href":"https:\/\/www.dgft.de\/en\/wp-json\/wp\/v2\/pages\/2207\/revisions\/5443"}],"up":[{"embeddable":true,"href":"https:\/\/www.dgft.de\/en\/wp-json\/wp\/v2\/pages\/11"}],"wp:attachment":[{"href":"https:\/\/www.dgft.de\/en\/wp-json\/wp\/v2\/media?parent=2207"}],"curies":[{"name":"wp","href":"https:\/\/api.w.org\/{rel}","templated":true}]}}