{"id":3604,"date":"2021-07-30T14:56:29","date_gmt":"2021-07-30T12:56:29","guid":{"rendered":"https:\/\/www.dgft.de\/?page_id=3604"},"modified":"2024-06-25T07:18:16","modified_gmt":"2024-06-25T05:18:16","slug":"deconstruct","status":"publish","type":"page","link":"https:\/\/www.dgft.de\/en\/projects\/project_archive\/deconstruct\/","title":{"rendered":"Deconstruct & Construct"},"content":{"rendered":"<div class=\"fusion-fullwidth fullwidth-box fusion-builder-row-1 nonhundred-percent-fullwidth non-hundred-percent-height-scrolling\" style=\"--awb-border-radius-top-left:0px;--awb-border-radius-top-right:0px;--awb-border-radius-bottom-right:0px;--awb-border-radius-bottom-left:0px;--awb-flex-wrap:wrap;\" ><div class=\"fusion-builder-row fusion-row\"><div class=\"fusion-layout-column fusion_builder_column fusion-builder-column-0 fusion_builder_column_1_1 1_1 fusion-one-full fusion-column-first fusion-column-last\" style=\"--awb-bg-size:cover;\"><div class=\"fusion-column-wrapper fusion-column-has-shadow fusion-flex-column-wrapper-legacy\"><div class=\"fusion-image-element fusion-image-align-right in-legacy-container\" style=\"text-align:right;--awb-max-width:150px;--awb-caption-title-font-family:var(--h2_typography-font-family);--awb-caption-title-font-weight:var(--h2_typography-font-weight);--awb-caption-title-font-style:var(--h2_typography-font-style);--awb-caption-title-size:var(--h2_typography-font-size);--awb-caption-title-transform:var(--h2_typography-text-transform);--awb-caption-title-line-height:var(--h2_typography-line-height);--awb-caption-title-letter-spacing:var(--h2_typography-letter-spacing);\"><span class=\" fusion-imageframe imageframe-none imageframe-1 hover-type-none\" style=\"margin-left:25px;float:right;\"><img decoding=\"async\" width=\"241\" height=\"104\" title=\"dgft projekt\" src=\"https:\/\/www.dgft.de\/wp-content\/uploads\/dgft-projekt.png\" alt class=\"img-responsive wp-image-3658\" srcset=\"https:\/\/www.dgft.de\/wp-content\/uploads\/dgft-projekt-200x86.png 200w, https:\/\/www.dgft.de\/wp-content\/uploads\/dgft-projekt.png 241w\" sizes=\"(max-width: 767px) 100vw, 241px\" \/><\/span><\/div><div class=\"fusion-text fusion-text-1\"><div class=\"refs\">\n<h1 class=\"fusion-responsive-typography-calculated\" style=\"--fontsize: 32; line-height: 1.19;\" data-fontsize=\"32\" data-lineheight=\"38px\">De-constructing the Past &#8211; Constructing the Future<\/h1>\n<\/div>\n<\/div><div class=\"fusion-reading-box-container reading-box-container-1\" style=\"--awb-title-color:#666362;--awb-margin-top:0px;--awb-margin-bottom:35px;\"><div class=\"reading-box\" style=\"background-color:#f6f6f6;border-width:5px;border-color:#f6f6f6;border-bottom-width:5px;border-bottom-color:var(--primary_color);border-style:solid;\"><div class=\"reading-box-additional\">\n<p>Ein theatertherapeutisches und traumasensitives Forschungsprojekt zur kollektiven Identit\u00e4tsbildung durch die Vermittlung von Geschichten und Bildern \u00fcber den Holocaust bei Jugendlichen unterschiedlicher Herkunft in Berlin.<\/p>\n<\/div><div class=\"fusion-clearfix\"><\/div><\/div><svg style=\"opacity:0.65;\" xmlns=\"http:\/\/www.w3.org\/2000\/svg\" version=\"1.1\" width=\"100%\" viewBox=\"0 0 600 28\" preserveAspectRatio=\"none\"><g clip-path=\"url(#a)\"><mask id=\"b\" style=\"mask-type:luminance\" maskUnits=\"userSpaceOnUse\" x=\"0\" y=\"0\" width=\"600\" height=\"28\"><path d=\"M0 0h600v28H0V0Z\" fill=\"#fff\"\/><\/mask><g filter=\"url(#c)\" mask=\"url(#b)\"><path d=\"M16.439-18.667h567.123v30.8S438.961-8.4 300-8.4C161.04-8.4 16.438 12.133 16.438 12.133v-30.8Z\" fill=\"#000\"\/><\/g><\/g><defs><clipPath id=\"a\"><path fill=\"#fff\" d=\"M0 0h600v28H0z\"\/><\/clipPath><filter id=\"c\" x=\"5.438\" y=\"-29.667\" width=\"589.123\" height=\"52.8\" filterUnits=\"userSpaceOnUse\" color-interpolation-filters=\"sRGB\"><feFlood flood-opacity=\"0\" result=\"BackgroundImageFix\"\/><feBlend in=\"SourceGraphic\" in2=\"BackgroundImageFix\" result=\"shape\"\/><feGaussianBlur stdDeviation=\"5.5\" result=\"effect1_foregroundBlur_3983_183\"\/><\/filter><\/defs><\/svg><\/div><div class=\"fusion-title title fusion-title-1 fusion-title-text fusion-title-size-two\" style=\"--awb-margin-top:10px;--awb-margin-bottom:10px;\"><h2 class=\"fusion-title-heading title-heading-left fusion-responsive-typography-calculated\" style=\"margin:0;--fontSize:20;--minFontSize:20;line-height:1.5;\">Projektvideo<\/h2><span class=\"awb-title-spacer\"><\/span><div class=\"title-sep-container\"><div class=\"title-sep sep-single sep-solid\" style=\"border-color:#e0dede;\"><\/div><\/div><\/div><iframe width=\"560\" height=\"315\" src=\"https:\/\/www.youtube.com\/embed\/J2XsHAwm5bY\" title=\"YouTube video player\" frameborder=\"0\" allow=\"accelerometer; autoplay; clipboard-write; encrypted-media; gyroscope; picture-in-picture\" allowfullscreen><\/iframe><div class=\"fusion-title title fusion-title-2 fusion-title-text fusion-title-size-two\" style=\"--awb-margin-top:10px;--awb-margin-bottom:10px;\"><h2 class=\"fusion-title-heading title-heading-left fusion-responsive-typography-calculated\" style=\"margin:0;--fontSize:20;--minFontSize:20;line-height:1.5;\">Projektbeschreibung<\/h2><span class=\"awb-title-spacer\"><\/span><div class=\"title-sep-container\"><div class=\"title-sep sep-single sep-solid\" style=\"border-color:#e0dede;\"><\/div><\/div><\/div><div class=\"fusion-text fusion-text-2\"><p style=\"text-align: justify;\">Das Projekt <i>Deconstruct\/Construct<\/i> besch\u00e4ftigt sich mit der Frage, wie das Verm\u00e4chtnis und die Erinnerung an den Holocaust bei Jugendlichen interpretiert und adaptiert wird. Das Ziel ist es eine diskursive und aktive Erinnerungskultur zu kultivieren.<\/p>\n<p style=\"text-align: justify;\">Dieses Projekt untersucht die konstruierten Erz\u00e4hlungen \u00fcber den Holocaust, die Jugendliche in Deutschland aus verschiedenen Bev\u00f6lkerungsgruppen meist unbewusst in ihre Identit\u00e4tsbildung einbauen. Dabei wird explizit die Perspektive erweitert und auch Haltung gegen\u00fcber \u201eAnderen\u201c im allgemeinen mit einbezogen, insbesondere gegen\u00fcber Migranten und Fl\u00fcchtlingen. <span style=\"color: var(--body_typography-color); font-family: var(--body_typography-font-family); font-size: var(--body_typography-font-size); font-style: var(--body_typography-font-style,normal); letter-spacing: var(--body_typography-letter-spacing);\">Somit hat dieses Projekt als ein wichtiges Ziel die <\/span><b style=\"color: var(--body_typography-color); font-family: var(--body_typography-font-family); font-size: var(--body_typography-font-size); font-style: var(--body_typography-font-style,normal); letter-spacing: var(--body_typography-letter-spacing);\">kulturelle Vielfalt<\/b><span style=\"color: var(--body_typography-color); font-family: var(--body_typography-font-family); font-size: var(--body_typography-font-size); font-style: var(--body_typography-font-style,normal); letter-spacing: var(--body_typography-letter-spacing);\"> Deutschlands.<\/span><\/p>\n<p style=\"text-align: justify;\">Das Projekt nutzt theatertherapeutische Methoden und theatralische Prozesse, um Kernbilder in Deutschland lebender Jugendlicher \u00fcber den Holocaust zu sammeln. Diese Bilder werden vom beteiligten Theatertherapeuten-Team bearbeitet und daraus eine Theater-Performance entwickelt, die den beteiligten Jugendlichen als \u201eSpiegel\u201c ihres Inputs gezeigt wird \u2013 als Grundlage f\u00fcr Ver\u00e4nderungen dieser Bilder und das Entwickeln alternativer Erz\u00e4hlungen.<span style=\"color: var(--body_typography-color); font-family: var(--body_typography-font-family); font-size: var(--body_typography-font-size); font-style: var(--body_typography-font-style,normal); letter-spacing: var(--body_typography-letter-spacing);\"> Alle Schritte werden per Video dokumentiert und wissenschaftlich begleitet.<\/span><\/p>\n<\/div><div class=\"fusion-title title fusion-title-3 fusion-title-text fusion-title-size-two\" style=\"--awb-margin-bottom:10px;\"><h2 class=\"fusion-title-heading title-heading-left fusion-responsive-typography-calculated\" style=\"margin:0;--fontSize:20;--minFontSize:20;line-height:1.5;\">Projektleitung<\/h2><span class=\"awb-title-spacer\"><\/span><div class=\"title-sep-container\"><div class=\"title-sep sep-single sep-solid\" style=\"border-color:#e0dede;\"><\/div><\/div><\/div><ul style=\"--awb-size:16px;--awb-line-height:27.2px;--awb-icon-width:27.2px;--awb-icon-height:27.2px;--awb-icon-margin:11.2px;--awb-content-margin:38.4px;--awb-circlecolor:#ad4e57;--awb-circle-yes-font-size:14.08px;\" class=\"fusion-checklist fusion-checklist-1 fusion-checklist-default type-icons\"><li class=\"fusion-li-item\" style=\"\"><span class=\"icon-wrapper circle-yes\"><i class=\"fusion-li-icon fa-user fas\" aria-hidden=\"true\"><\/i><\/span><div class=\"fusion-li-item-content\">\n<p>Ingrid Lutz (Berlin)<\/p>\n<\/div><\/li><li class=\"fusion-li-item\" style=\"\"><span class=\"icon-wrapper circle-yes\"><i class=\"fusion-li-icon fa-user fas\" aria-hidden=\"true\"><\/i><\/span><div class=\"fusion-li-item-content\">Susana Pendzik (Israel)<\/div><\/li><li class=\"fusion-li-item\" style=\"\"><span class=\"icon-wrapper circle-yes\"><i class=\"fusion-li-icon fa-user fas\" aria-hidden=\"true\"><\/i><\/span><div class=\"fusion-li-item-content\">Jutta Heppekausen (Potsdam)<\/div><\/li><\/ul><div class=\"fusion-title title fusion-title-4 fusion-title-text fusion-title-size-two\" style=\"--awb-margin-top:20px;--awb-margin-bottom:10px;\"><h2 class=\"fusion-title-heading title-heading-left fusion-responsive-typography-calculated\" style=\"margin:0;--fontSize:20;--minFontSize:20;line-height:1.5;\">Projektf\u00f6rderung<\/h2><span class=\"awb-title-spacer\"><\/span><div class=\"title-sep-container\"><div class=\"title-sep sep-single sep-solid\" style=\"border-color:#e0dede;\"><\/div><\/div><\/div><div class=\"fusion-image-element in-legacy-container\" style=\"--awb-margin-top:10px;--awb-margin-bottom:10px;--awb-margin-left:10px;--awb-max-width:300px;--awb-caption-title-font-family:var(--h2_typography-font-family);--awb-caption-title-font-weight:var(--h2_typography-font-weight);--awb-caption-title-font-style:var(--h2_typography-font-style);--awb-caption-title-size:var(--h2_typography-font-size);--awb-caption-title-transform:var(--h2_typography-text-transform);--awb-caption-title-line-height:var(--h2_typography-line-height);--awb-caption-title-letter-spacing:var(--h2_typography-letter-spacing);\"><span class=\" fusion-imageframe imageframe-none imageframe-2 hover-type-none\"><a class=\"fusion-no-lightbox\" href=\"https:\/\/www.opensocietyfoundations.org\" target=\"_blank\" aria-label=\"2560px-Open_Society_Foundations_Logo.svg\" rel=\"noopener noreferrer\"><img decoding=\"async\" width=\"300\" height=\"84\" src=\"https:\/\/www.dgft.de\/wp-content\/uploads\/2560px-Open_Society_Foundations_Logo.svg-300x84.png\" alt class=\"img-responsive wp-image-3650\" srcset=\"https:\/\/www.dgft.de\/wp-content\/uploads\/2560px-Open_Society_Foundations_Logo.svg-200x56.png 200w, https:\/\/www.dgft.de\/wp-content\/uploads\/2560px-Open_Society_Foundations_Logo.svg-400x112.png 400w, https:\/\/www.dgft.de\/wp-content\/uploads\/2560px-Open_Society_Foundations_Logo.svg-600x169.png 600w, https:\/\/www.dgft.de\/wp-content\/uploads\/2560px-Open_Society_Foundations_Logo.svg-800x225.png 800w, https:\/\/www.dgft.de\/wp-content\/uploads\/2560px-Open_Society_Foundations_Logo.svg-1200x337.png 1200w\" sizes=\"(max-width: 767px) 100vw, 1200px\" \/><\/a><\/span><\/div><div class=\"fusion-text fusion-text-3\" style=\"--awb-margin-left:10px;\"><p><a style=\"font-size: 14px;\" href=\"https:\/\/www.opensocietyfoundations.org\" target=\"_blank\" rel=\"noopener\" data-fusion-font=\"true\">weitere Informationen<\/a><\/p>\n<\/div><div class=\"fusion-clearfix\"><\/div><\/div><\/div><\/div><\/div>\n","protected":false},"excerpt":{"rendered":"<p>De-constructing the Past &#8211; Constructing the Future Ein theatertherapeutisches und traumasensitives Forschungsprojekt zur kollektiven Identit\u00e4tsbildung durch die Vermittlung von Geschichten und Bildern \u00fcber den Holocaust bei Jugendlichen unterschiedlicher Herkunft in Berlin. ProjektvideoProjektbeschreibungDas Projekt Deconstruct\/Construct besch\u00e4ftigt sich mit der Frage, wie das Verm\u00e4chtnis und die Erinnerung an den Holocaust bei Jugendlichen interpretiert und adaptiert wird. Das  [&#8230;]<\/p>\n","protected":false},"author":213,"featured_media":0,"parent":3655,"menu_order":3,"comment_status":"closed","ping_status":"closed","template":"","meta":{"_bbp_topic_count":0,"_bbp_reply_count":0,"_bbp_total_topic_count":0,"_bbp_total_reply_count":0,"_bbp_voice_count":0,"_bbp_anonymous_reply_count":0,"_bbp_topic_count_hidden":0,"_bbp_reply_count_hidden":0,"_bbp_forum_subforum_count":0,"footnotes":""},"class_list":["post-3604","page","type-page","status-publish","hentry"],"_links":{"self":[{"href":"https:\/\/www.dgft.de\/en\/wp-json\/wp\/v2\/pages\/3604","targetHints":{"allow":["GET"]}}],"collection":[{"href":"https:\/\/www.dgft.de\/en\/wp-json\/wp\/v2\/pages"}],"about":[{"href":"https:\/\/www.dgft.de\/en\/wp-json\/wp\/v2\/types\/page"}],"author":[{"embeddable":true,"href":"https:\/\/www.dgft.de\/en\/wp-json\/wp\/v2\/users\/213"}],"replies":[{"embeddable":true,"href":"https:\/\/www.dgft.de\/en\/wp-json\/wp\/v2\/comments?post=3604"}],"version-history":[{"count":19,"href":"https:\/\/www.dgft.de\/en\/wp-json\/wp\/v2\/pages\/3604\/revisions"}],"predecessor-version":[{"id":4270,"href":"https:\/\/www.dgft.de\/en\/wp-json\/wp\/v2\/pages\/3604\/revisions\/4270"}],"up":[{"embeddable":true,"href":"https:\/\/www.dgft.de\/en\/wp-json\/wp\/v2\/pages\/3655"}],"wp:attachment":[{"href":"https:\/\/www.dgft.de\/en\/wp-json\/wp\/v2\/media?parent=3604"}],"curies":[{"name":"wp","href":"https:\/\/api.w.org\/{rel}","templated":true}]}}