{"id":3624,"date":"2021-07-31T05:26:35","date_gmt":"2021-07-31T03:26:35","guid":{"rendered":"https:\/\/www.dgft.de\/?page_id=3624"},"modified":"2024-06-25T07:19:49","modified_gmt":"2024-06-25T05:19:49","slug":"create","status":"publish","type":"page","link":"https:\/\/www.dgft.de\/en\/projects\/project_archive\/create\/","title":{"rendered":"CREATE"},"content":{"rendered":"<div class=\"fusion-fullwidth fullwidth-box fusion-builder-row-1 nonhundred-percent-fullwidth non-hundred-percent-height-scrolling\" style=\"--awb-border-radius-top-left:0px;--awb-border-radius-top-right:0px;--awb-border-radius-bottom-right:0px;--awb-border-radius-bottom-left:0px;--awb-flex-wrap:wrap;\" ><div class=\"fusion-builder-row fusion-row\"><div class=\"fusion-layout-column fusion_builder_column fusion-builder-column-0 fusion_builder_column_1_1 1_1 fusion-one-full fusion-column-first fusion-column-last\" style=\"--awb-bg-size:cover;\"><div class=\"fusion-column-wrapper fusion-column-has-shadow fusion-flex-column-wrapper-legacy\"><div class=\"fusion-image-element fusion-image-align-left in-legacy-container\" style=\"text-align:left;--awb-margin-bottom:20px;--awb-max-width:200px;--awb-caption-title-font-family:var(--h2_typography-font-family);--awb-caption-title-font-weight:var(--h2_typography-font-weight);--awb-caption-title-font-style:var(--h2_typography-font-style);--awb-caption-title-size:var(--h2_typography-font-size);--awb-caption-title-transform:var(--h2_typography-text-transform);--awb-caption-title-line-height:var(--h2_typography-line-height);--awb-caption-title-letter-spacing:var(--h2_typography-letter-spacing);\"><span class=\" fusion-imageframe imageframe-none imageframe-1 hover-type-none\" style=\"margin-right:25px;float:left;\"><img decoding=\"async\" width=\"300\" height=\"201\" title=\"cropped-asset-1\" src=\"https:\/\/www.dgft.de\/wp-content\/uploads\/cropped-asset-1-300x201.png\" alt class=\"img-responsive wp-image-3633\" srcset=\"https:\/\/www.dgft.de\/wp-content\/uploads\/cropped-asset-1-200x134.png 200w, https:\/\/www.dgft.de\/wp-content\/uploads\/cropped-asset-1-400x268.png 400w, https:\/\/www.dgft.de\/wp-content\/uploads\/cropped-asset-1-600x402.png 600w, https:\/\/www.dgft.de\/wp-content\/uploads\/cropped-asset-1-800x536.png 800w, https:\/\/www.dgft.de\/wp-content\/uploads\/cropped-asset-1.png 1179w\" sizes=\"(max-width: 767px) 100vw, 300px\" \/><\/span><\/div><div class=\"fusion-text fusion-text-1\"><h1 class=\"fusion-responsive-typography-calculated\" data-fontsize=\"32\" data-lineheight=\"38.400001525878906px\"><b>CREATE<\/b> Kreativit\u00e4t &amp; psychische Gesundheit<\/h1>\n<h1 class=\"fusion-responsive-typography-calculated\" style=\"font-size: 26px; line-height: 31.200000762939453px;\" data-fontsize=\"32\" data-lineheight=\"38.400001525878906px\" data-fusion-font=\"true\">K\u00fcnstlerische Therapien im Kontext Flucht &amp; Migration in Europa<\/h1>\n<\/div><div class=\"fusion-reading-box-container reading-box-container-1\" style=\"--awb-title-color:#666362;--awb-margin-top:0px;--awb-margin-bottom:35px;\"><div class=\"reading-box\" style=\"background-color:#f6f6f6;border-width:5px;border-color:#f6f6f6;border-bottom-width:5px;border-bottom-color:var(--primary_color);border-style:solid;\"><div class=\"reading-box-additional\">\n<p>Von 2016 \u2013 2018 beteiligte sich ein Team des <b>Instituts f\u00fcr Theatertherapie<\/b> (ITT) der DGfT, am Erasmus+ KA2 Projekt \u201eCREATE\u201c. Es arbeiteten sieben Organisationen aus Gro\u00dfbritannien, Irland, Frankreich, Italien und Deutschland an der Entwicklung von Methodensammlungen und Trainingsmodulen f\u00fcr den Einsatz von K\u00fcnstlerischen Therapien in der Arbeit mit Gefl\u00fcchteten und Migrant*innen.<\/p>\n<\/div><div class=\"fusion-clearfix\"><\/div><\/div><svg style=\"opacity:0.65;\" xmlns=\"http:\/\/www.w3.org\/2000\/svg\" version=\"1.1\" width=\"100%\" viewBox=\"0 0 600 28\" preserveAspectRatio=\"none\"><g clip-path=\"url(#a)\"><mask id=\"b\" style=\"mask-type:luminance\" maskUnits=\"userSpaceOnUse\" x=\"0\" y=\"0\" width=\"600\" height=\"28\"><path d=\"M0 0h600v28H0V0Z\" fill=\"#fff\"\/><\/mask><g filter=\"url(#c)\" mask=\"url(#b)\"><path d=\"M16.439-18.667h567.123v30.8S438.961-8.4 300-8.4C161.04-8.4 16.438 12.133 16.438 12.133v-30.8Z\" fill=\"#000\"\/><\/g><\/g><defs><clipPath id=\"a\"><path fill=\"#fff\" d=\"M0 0h600v28H0z\"\/><\/clipPath><filter id=\"c\" x=\"5.438\" y=\"-29.667\" width=\"589.123\" height=\"52.8\" filterUnits=\"userSpaceOnUse\" color-interpolation-filters=\"sRGB\"><feFlood flood-opacity=\"0\" result=\"BackgroundImageFix\"\/><feBlend in=\"SourceGraphic\" in2=\"BackgroundImageFix\" result=\"shape\"\/><feGaussianBlur stdDeviation=\"5.5\" result=\"effect1_foregroundBlur_3983_183\"\/><\/filter><\/defs><\/svg><\/div><div class=\"fusion-title title fusion-title-1 fusion-title-text fusion-title-size-two\"><h2 class=\"fusion-title-heading title-heading-left fusion-responsive-typography-calculated\" style=\"margin:0;--fontSize:20;--minFontSize:20;line-height:1.5;\">Dokumentation und Ergebnisse<\/h2><span class=\"awb-title-spacer\"><\/span><div class=\"title-sep-container\"><div class=\"title-sep sep-single sep-solid\" style=\"border-color:#e0dede;\"><\/div><\/div><\/div><div class=\"fusion-text fusion-text-2\"><div>\n<p>Auf der <a href=\"https:\/\/create-eu.com\" target=\"_blank\" rel=\"noopener noreferrer\">Website des CREATE-Projektes<\/a> werden die Ergebnisse der Arbeitsgruppe vorgestellt.<\/p>\n<p>Praxis- und Erfahrungsberichte aus den einzelnen Gruppen, sowie Empfehlungen f\u00fcr die Arbeit mit Gefl\u00fcchteten und Migrant*innen finden Sie unter folgendem Link:<\/p>\n<\/div>\n<div><\/div>\n<\/div><ul style=\"--awb-size:20px;--awb-line-height:34px;--awb-icon-width:34px;--awb-icon-height:34px;--awb-icon-margin:14px;--awb-content-margin:48px;--awb-circlecolor:#7b3881;--awb-circle-yes-font-size:17.6px;\" class=\"fusion-checklist fusion-checklist-1 fusion-checklist-default type-icons\"><li class=\"fusion-li-item\" style=\"\"><span class=\"icon-wrapper circle-yes\"><i class=\"fusion-li-icon fa-file-alt fas\" aria-hidden=\"true\"><\/i><\/span><div class=\"fusion-li-item-content\">\n<p><a href=\"https:\/\/createeu.files.wordpress.com\/2018\/11\/io4-create-toolkit_de.pdf\" target=\"_blank\" rel=\"noopener\">Ergebnisbericht\u00a0(pdf)<\/a><\/p>\n<\/div><\/li><\/ul><div class=\"fusion-text fusion-text-3\"><div>\n<p style=\"padding-left: 40px;\"><em><span style=\"font-size: 12px;\" data-fusion-font=\"true\">F\u00fcr das ITT-Team schreibt Sabine Hayduk (ab Seite 44) und Patric Tavanti (ab Seite 64).<\/span><\/em><\/p>\n<\/div>\n<\/div><div class=\"fusion-title title fusion-title-2 fusion-title-text fusion-title-size-two\" style=\"--awb-margin-bottom:10px;\"><h2 class=\"fusion-title-heading title-heading-left fusion-responsive-typography-calculated\" style=\"margin:0;--fontSize:20;--minFontSize:20;line-height:1.5;\">Projektteam<\/h2><span class=\"awb-title-spacer\"><\/span><div class=\"title-sep-container\"><div class=\"title-sep sep-single sep-solid\" style=\"border-color:#e0dede;\"><\/div><\/div><\/div><ul style=\"--awb-size:16px;--awb-line-height:27.2px;--awb-icon-width:27.2px;--awb-icon-height:27.2px;--awb-icon-margin:11.2px;--awb-content-margin:38.4px;--awb-circlecolor:#e19963;--awb-circle-yes-font-size:14.08px;\" class=\"fusion-checklist fusion-checklist-2 fusion-checklist-default type-icons\"><li class=\"fusion-li-item\" style=\"\"><span class=\"icon-wrapper circle-yes\"><i class=\"fusion-li-icon fa-user fas\" aria-hidden=\"true\"><\/i><\/span><div class=\"fusion-li-item-content\">Cathrin Clift<\/div><\/li><li class=\"fusion-li-item\" style=\"\"><span class=\"icon-wrapper circle-yes\"><i class=\"fusion-li-icon fa-user-alt fas\" aria-hidden=\"true\"><\/i><\/span><div class=\"fusion-li-item-content\">\n<p>Sabine Hayduk<\/p>\n<\/div><\/li><li class=\"fusion-li-item\" style=\"\"><span class=\"icon-wrapper circle-yes\"><i class=\"fusion-li-icon fa-user-alt fas\" aria-hidden=\"true\"><\/i><\/span><div class=\"fusion-li-item-content\">Sonja Narr<\/div><\/li><li class=\"fusion-li-item\" style=\"\"><span class=\"icon-wrapper circle-yes\"><i class=\"fusion-li-icon fa-user-alt fas\" aria-hidden=\"true\"><\/i><\/span><div class=\"fusion-li-item-content\">Patric Tavanti<\/div><\/li><\/ul><div class=\"fusion-title title fusion-title-3 fusion-title-text fusion-title-size-two\" style=\"--awb-margin-top:20px;--awb-margin-bottom:10px;\"><h2 class=\"fusion-title-heading title-heading-left fusion-responsive-typography-calculated\" style=\"margin:0;--fontSize:20;--minFontSize:20;line-height:1.5;\">Projektf\u00f6rderung<\/h2><span class=\"awb-title-spacer\"><\/span><div class=\"title-sep-container\"><div class=\"title-sep sep-single sep-solid\" style=\"border-color:#e0dede;\"><\/div><\/div><\/div><div class=\"fusion-image-element in-legacy-container\" style=\"--awb-max-width:400px;--awb-caption-title-font-family:var(--h2_typography-font-family);--awb-caption-title-font-weight:var(--h2_typography-font-weight);--awb-caption-title-font-style:var(--h2_typography-font-style);--awb-caption-title-size:var(--h2_typography-font-size);--awb-caption-title-transform:var(--h2_typography-text-transform);--awb-caption-title-line-height:var(--h2_typography-line-height);--awb-caption-title-letter-spacing:var(--h2_typography-letter-spacing);\"><span class=\" fusion-imageframe imageframe-none imageframe-2 hover-type-none\"><a class=\"fusion-no-lightbox\" href=\"https:\/\/www.erasmusplus.de\" target=\"_blank\" aria-label=\"ErasmusLogo\" rel=\"noopener noreferrer\"><img decoding=\"async\" width=\"300\" height=\"86\" src=\"https:\/\/www.dgft.de\/wp-content\/uploads\/ErasmusLogo-300x86.png\" alt class=\"img-responsive wp-image-3639\" srcset=\"https:\/\/www.dgft.de\/wp-content\/uploads\/ErasmusLogo-200x57.png 200w, https:\/\/www.dgft.de\/wp-content\/uploads\/ErasmusLogo-400x114.png 400w, https:\/\/www.dgft.de\/wp-content\/uploads\/ErasmusLogo.png 420w\" sizes=\"(max-width: 767px) 100vw, 300px\" \/><\/a><\/span><\/div><div class=\"fusion-text fusion-text-4\" style=\"--awb-margin-left:15px;\"><p style=\"text-align: left;\"><a style=\"font-size: 14px;\" href=\"https:\/\/www.erasmusplus.de\" target=\"_blank\" rel=\"noopener noreferrer\" data-fusion-font=\"true\">weitere Informationen<\/a><\/p>\n<\/div><div class=\"fusion-clearfix\"><\/div><\/div><\/div><\/div><\/div>\n","protected":false},"excerpt":{"rendered":"<p>CREATE Kreativit\u00e4t &amp; psychische Gesundheit K\u00fcnstlerische Therapien im Kontext Flucht &amp; Migration in Europa Von 2016 \u2013 2018 beteiligte sich ein Team des Instituts f\u00fcr Theatertherapie (ITT) der DGfT, am Erasmus+ KA2 Projekt \u201eCREATE\u201c. Es arbeiteten sieben Organisationen aus Gro\u00dfbritannien, Irland, Frankreich, Italien und Deutschland an der Entwicklung von Methodensammlungen und Trainingsmodulen f\u00fcr den Einsatz  [&#8230;]<\/p>\n","protected":false},"author":213,"featured_media":0,"parent":3655,"menu_order":4,"comment_status":"closed","ping_status":"closed","template":"","meta":{"_bbp_topic_count":0,"_bbp_reply_count":0,"_bbp_total_topic_count":0,"_bbp_total_reply_count":0,"_bbp_voice_count":0,"_bbp_anonymous_reply_count":0,"_bbp_topic_count_hidden":0,"_bbp_reply_count_hidden":0,"_bbp_forum_subforum_count":0,"footnotes":""},"class_list":["post-3624","page","type-page","status-publish","hentry"],"_links":{"self":[{"href":"https:\/\/www.dgft.de\/en\/wp-json\/wp\/v2\/pages\/3624","targetHints":{"allow":["GET"]}}],"collection":[{"href":"https:\/\/www.dgft.de\/en\/wp-json\/wp\/v2\/pages"}],"about":[{"href":"https:\/\/www.dgft.de\/en\/wp-json\/wp\/v2\/types\/page"}],"author":[{"embeddable":true,"href":"https:\/\/www.dgft.de\/en\/wp-json\/wp\/v2\/users\/213"}],"replies":[{"embeddable":true,"href":"https:\/\/www.dgft.de\/en\/wp-json\/wp\/v2\/comments?post=3624"}],"version-history":[{"count":14,"href":"https:\/\/www.dgft.de\/en\/wp-json\/wp\/v2\/pages\/3624\/revisions"}],"predecessor-version":[{"id":4889,"href":"https:\/\/www.dgft.de\/en\/wp-json\/wp\/v2\/pages\/3624\/revisions\/4889"}],"up":[{"embeddable":true,"href":"https:\/\/www.dgft.de\/en\/wp-json\/wp\/v2\/pages\/3655"}],"wp:attachment":[{"href":"https:\/\/www.dgft.de\/en\/wp-json\/wp\/v2\/media?parent=3624"}],"curies":[{"name":"wp","href":"https:\/\/api.w.org\/{rel}","templated":true}]}}