{"id":3627,"date":"2021-07-31T05:29:02","date_gmt":"2021-07-31T03:29:02","guid":{"rendered":"https:\/\/www.dgft.de\/?page_id=3627"},"modified":"2024-06-25T07:20:32","modified_gmt":"2024-06-25T05:20:32","slug":"sicherer-ort","status":"publish","type":"page","link":"https:\/\/www.dgft.de\/en\/projects\/project_archive\/sicherer-ort\/","title":{"rendered":"Mein sicherer Ort"},"content":{"rendered":"<div class=\"fusion-fullwidth fullwidth-box fusion-builder-row-1 nonhundred-percent-fullwidth non-hundred-percent-height-scrolling\" style=\"--awb-border-radius-top-left:0px;--awb-border-radius-top-right:0px;--awb-border-radius-bottom-right:0px;--awb-border-radius-bottom-left:0px;--awb-flex-wrap:wrap;\" ><div class=\"fusion-builder-row fusion-row\"><div class=\"fusion-layout-column fusion_builder_column fusion-builder-column-0 fusion_builder_column_1_1 1_1 fusion-one-full fusion-column-first fusion-column-last\" style=\"--awb-bg-size:cover;\"><div class=\"fusion-column-wrapper fusion-column-has-shadow fusion-flex-column-wrapper-legacy\"><div class=\"fusion-text fusion-text-1\"><div class=\"refs\">\n<h1 class=\"fusion-responsive-typography-calculated\" style=\"--fontsize: 32; line-height: 1.19;\" data-fontsize=\"32\" data-lineheight=\"38px\">Mein sicherer Ort<\/h1>\n<h1 class=\"fusion-responsive-typography-calculated\" style=\"font-size: 24px;\" data-fontsize=\"32\" data-lineheight=\"38.400001525878906px\" data-fusion-font=\"true\">Theatertherapeutisches Projekt f\u00fcr gefl\u00fcchtete Kinder und Jugendliche<\/h1>\n<\/div>\n<\/div><div class=\"fusion-reading-box-container reading-box-container-1\" style=\"--awb-title-color:#666362;--awb-margin-top:0px;--awb-margin-bottom:35px;\"><div class=\"reading-box\" style=\"background-color:#f6f6f6;border-width:5px;border-color:#f6f6f6;border-bottom-width:5px;border-bottom-color:var(--primary_color);border-style:solid;\"><div class=\"reading-box-additional\">\n<p>Von Mai 2016 bis Juni 2018 arbeitete ein Team des Instituts f\u00fcr Theatertherapie mit Menschen mit Flucht- &amp; Migrationshintergrund in verschiedenen Settings in Berlin theater- und traumatherapeutisch rund um das Thema &#8220;Mein sicherer Ort&#8221; zusammen.<\/p>\n<\/div><div class=\"fusion-clearfix\"><\/div><\/div><svg style=\"opacity:0.65;\" xmlns=\"http:\/\/www.w3.org\/2000\/svg\" version=\"1.1\" width=\"100%\" viewBox=\"0 0 600 28\" preserveAspectRatio=\"none\"><g clip-path=\"url(#a)\"><mask id=\"b\" style=\"mask-type:luminance\" maskUnits=\"userSpaceOnUse\" x=\"0\" y=\"0\" width=\"600\" height=\"28\"><path d=\"M0 0h600v28H0V0Z\" fill=\"#fff\"\/><\/mask><g filter=\"url(#c)\" mask=\"url(#b)\"><path d=\"M16.439-18.667h567.123v30.8S438.961-8.4 300-8.4C161.04-8.4 16.438 12.133 16.438 12.133v-30.8Z\" fill=\"#000\"\/><\/g><\/g><defs><clipPath id=\"a\"><path fill=\"#fff\" d=\"M0 0h600v28H0z\"\/><\/clipPath><filter id=\"c\" x=\"5.438\" y=\"-29.667\" width=\"589.123\" height=\"52.8\" filterUnits=\"userSpaceOnUse\" color-interpolation-filters=\"sRGB\"><feFlood flood-opacity=\"0\" result=\"BackgroundImageFix\"\/><feBlend in=\"SourceGraphic\" in2=\"BackgroundImageFix\" result=\"shape\"\/><feGaussianBlur stdDeviation=\"5.5\" result=\"effect1_foregroundBlur_3983_183\"\/><\/filter><\/defs><\/svg><\/div><div class=\"fusion-title title fusion-title-1 fusion-title-text fusion-title-size-two\" style=\"--awb-margin-bottom:5px;\"><h2 class=\"fusion-title-heading title-heading-left fusion-responsive-typography-calculated\" style=\"margin:0;--fontSize:20;--minFontSize:20;line-height:1.5;\">Projektbeschreibung<\/h2><span class=\"awb-title-spacer\"><\/span><div class=\"title-sep-container\"><div class=\"title-sep sep-single sep-solid\" style=\"border-color:#e0dede;\"><\/div><\/div><\/div><div class=\"fusion-text fusion-text-2\"><p>Im Mai 2016 startete ein Team von Theatertherapeut*innen in der Notunterkunft Mertensstra\u00dfe in Berlin-Spandau ein theatertherapeutisches Angebot f\u00fcr Kinder, die aufgrund ihrer Fluchterfahrungen und Traumata nicht am Schulunterricht oder an Gruppenangeboten in der Notunterkunft teilnehmen konnten. Auftrag war in erster Linie eine Stabilisierung und die Voraussetzungen zu schaffen, die Kinder in die betreuten Gruppen und Schulklassen zu integrieren. Da kein Geld f\u00fcr diese Arbeit vom Senat zur Verf\u00fcgung gestellt wurde, konnte nur eine ehrenamtliche Aufwandsentsch\u00e4digung gezahlt werden. Im Mai 2017 wurde die Finanzierung des Projekts f\u00fcr die Dauer eines Jahres durch die Robert Bosch Stiftung zugesichert.<\/p>\n<p>Das Projekt \u201eMein sicherer Ort\u201c arbeitet mit theatertherapeutischen Methoden wie Imaginationsarbeit, szenische Improvisation, dem gemeinsamen Erz\u00e4hlen und Spielen von M\u00e4rchen und dem konkreten Bau von \u201esicheren Orten\u201c wie H\u00f6hlen und H\u00e4usern aus Schaumstoff, Decken und Kissen oder in der Natur mit Holz, Steinen, Erde und anderen nat\u00fcrlichen Baustoffen. Das Projekts verbindet Ans\u00e4tze des \u201eSave Place\u201c der gruppentherapeutischen Arbeit in der Natur und k\u00fcnstlerischen Ausdrucksformen und Methoden der Theatertherapie sowie der Traumap\u00e4dagogik und -therapie nach Steven Levin und Bessel van der Kolk.<\/p>\n<p>Aufgrund der aktuellen Entwicklungen wurde entschieden, das Projekt f\u00fcr Kinder und Jugendliche in Willkommensklassen zu \u00f6ffnen. Zur Zeit arbeiten vier Theatertherapeut*innen mit drei Willkommensklassen der Oberschule am Rathaus in Berlin-Lichtenberg. Diese Kooperation des Instituts f\u00fcr Theatertherapie (ITT) und der Gesellschaft f\u00fcr Psychotraumatologie, Traumatherapie und Gewaltforschung (GPTG) wird vom Caritasverband Berlin durch das kostenlose zur Verf\u00fcgungstellen der R\u00e4umlichkeiten und Logistik unterst\u00fctzt.<\/p>\n<p>In den drei Gruppen werden in w\u00f6chentlichen Sitzungen individuelle und gesellschaftliche Themen beleuchtet und bearbeitet, die um Flucht, Entwurzelung, Identit\u00e4ts- und Bindungsverlust, Leben in der Fremde und die Suche nach einem sicheren Ort in einer unsicheren Umwelt kreisen. In jeder Gruppe werden eigene thematische und methodische Schwerpunkte gesetzt. Zum Ende des Schuljahres 2017\/18 sind Pr\u00e4sentationen der Arbeit geplant.<\/p>\n<\/div><div class=\"fusion-title title fusion-title-2 fusion-title-text fusion-title-size-two\" style=\"--awb-margin-bottom:5px;--awb-margin-left:5px;\"><h2 class=\"fusion-title-heading title-heading-left fusion-responsive-typography-calculated\" style=\"margin:0;--fontSize:20;--minFontSize:20;line-height:1.5;\">Ver\u00f6ffentlichungen und Ergebnisse<\/h2><span class=\"awb-title-spacer\"><\/span><div class=\"title-sep-container\"><div class=\"title-sep sep-single sep-solid\" style=\"border-color:#e0dede;\"><\/div><\/div><\/div><ul style=\"--awb-size:16px;--awb-line-height:27.2px;--awb-icon-width:27.2px;--awb-icon-height:27.2px;--awb-icon-margin:11.2px;--awb-content-margin:38.4px;--awb-circlecolor:#e29963;--awb-circle-yes-font-size:14.08px;\" class=\"fusion-checklist fusion-checklist-1 fusion-checklist-default type-icons\"><li class=\"fusion-li-item\" style=\"\"><span class=\"icon-wrapper circle-yes\"><i class=\"fusion-li-icon fa-file-alt fas\" aria-hidden=\"true\"><\/i><\/span><div class=\"fusion-li-item-content\">\n<p>Projektpr\u00e4sentation in der Fachzeitschrift &#8220;Trauma und Gewalt&#8221; (November 2017, <a href=\"https:\/\/elibrary.klett-cotta.de\/content\/pdf\/10.21706\/tg-11-4-348.pdf\" target=\"_blank\" rel=\"noopener\">Link<\/a>)<\/p>\n<\/div><\/li><li class=\"fusion-li-item\" style=\"\"><span class=\"icon-wrapper circle-yes\"><i class=\"fusion-li-icon fa-comments fas\" aria-hidden=\"true\"><\/i><\/span><div class=\"fusion-li-item-content\">\n<p>Projektpr\u00e4sentation auf dem Fachtag der Intern. Sommerakademie (Juni 2017)<\/p>\n<\/div><\/li><li class=\"fusion-li-item\" style=\"\"><span class=\"icon-wrapper circle-yes\"><i class=\"fusion-li-icon fa-comments fas\" aria-hidden=\"true\"><\/i><\/span><div class=\"fusion-li-item-content\">Projektpr\u00e4sentation auf 4. EFD Konferenz (April 2018)<\/div><\/li><\/ul><div class=\"fusion-text fusion-text-3\" style=\"--awb-margin-top:15px;\"><p>Seit Dezember 2017 werden als Output des Projekts auch Schulungen f\u00fcr P\u00e4dagog*innen in traumasensibler Arbeit mit Kindern und Jugendlichen angeboten. In Planung ist das Projekt, das theatertherapeutische Konzept \u201eMein sicherer Ort\u201c auch f\u00fcr die Arbeit mit Kindern und Jugendlichen, die mit ihren M\u00fcttern in Frauenh\u00e4usern untergebracht sind, weiterzuentwickeln. Ein erstes Pilotprojekt mit 10 Frauenh\u00e4usern im Bundesland Brandenburg ist f\u00fcr 2018 anvisiert.<\/p>\n<\/div><div class=\"fusion-title title fusion-title-3 fusion-title-text fusion-title-size-two\" style=\"--awb-margin-bottom:5px;--awb-margin-left:5px;\"><h2 class=\"fusion-title-heading title-heading-left fusion-responsive-typography-calculated\" style=\"margin:0;--fontSize:20;--minFontSize:20;line-height:1.5;\">Projektleitung<\/h2><span class=\"awb-title-spacer\"><\/span><div class=\"title-sep-container\"><div class=\"title-sep sep-single sep-solid\" style=\"border-color:#e0dede;\"><\/div><\/div><\/div><ul style=\"--awb-size:16px;--awb-line-height:27.2px;--awb-icon-width:27.2px;--awb-icon-height:27.2px;--awb-icon-margin:11.2px;--awb-content-margin:38.4px;--awb-circlecolor:#ad4e56;--awb-circle-yes-font-size:14.08px;\" class=\"fusion-checklist fusion-checklist-2 fusion-checklist-default type-icons\"><li class=\"fusion-li-item\" style=\"\"><span class=\"icon-wrapper circle-yes\"><i class=\"fusion-li-icon fa-user fas\" aria-hidden=\"true\"><\/i><\/span><div class=\"fusion-li-item-content\">\n<p>Patric Tavanti <span style=\"font-size: 13px;\" data-fusion-font=\"true\">(<\/span><a style=\"font-size: 13px;\" href=\"mailto:kontakt@tavanti.de\" data-fusion-font=\"true\">Kontakt<\/a><span style=\"font-size: 13px;\" data-fusion-font=\"true\">)<\/span><\/p>\n<\/div><\/li><\/ul><div class=\"fusion-text fusion-text-4\" style=\"--awb-margin-top:10px;\"><p>Das Projekt ist eine Kooperation des <strong>Instituts f\u00fcr Theatertherapie<\/strong>\u00a0(ITT) und der <strong>Gesellschaft f\u00fcr Psychotraumatologie, Traumatherapie und Gewaltforschung<\/strong> (GPTG)<\/p>\n<\/div><div class=\"fusion-title title fusion-title-4 fusion-title-text fusion-title-size-two\" style=\"--awb-margin-bottom:5px;--awb-margin-left:5px;\"><h2 class=\"fusion-title-heading title-heading-left fusion-responsive-typography-calculated\" style=\"margin:0;--fontSize:20;--minFontSize:20;line-height:1.5;\">Projektf\u00f6rderung<\/h2><span class=\"awb-title-spacer\"><\/span><div class=\"title-sep-container\"><div class=\"title-sep sep-single sep-solid\" style=\"border-color:#e0dede;\"><\/div><\/div><\/div><div class=\"fusion-image-element in-legacy-container\" style=\"--awb-margin-top:10px;--awb-margin-bottom:10px;--awb-margin-left:10px;--awb-max-width:300px;--awb-caption-title-font-family:var(--h2_typography-font-family);--awb-caption-title-font-weight:var(--h2_typography-font-weight);--awb-caption-title-font-style:var(--h2_typography-font-style);--awb-caption-title-size:var(--h2_typography-font-size);--awb-caption-title-transform:var(--h2_typography-text-transform);--awb-caption-title-line-height:var(--h2_typography-line-height);--awb-caption-title-letter-spacing:var(--h2_typography-letter-spacing);\"><span class=\" fusion-imageframe imageframe-none imageframe-1 hover-type-none\"><a class=\"fusion-no-lightbox\" href=\"https:\/\/www.bosch-stiftung.de\/de\" target=\"_blank\" aria-label=\"Logo\" rel=\"noopener noreferrer\"><img decoding=\"async\" width=\"300\" height=\"123\" src=\"https:\/\/www.dgft.de\/wp-content\/uploads\/Logo-300x123.png\" alt class=\"img-responsive wp-image-3644\" srcset=\"https:\/\/www.dgft.de\/wp-content\/uploads\/Logo-200x82.png 200w, https:\/\/www.dgft.de\/wp-content\/uploads\/Logo-400x164.png 400w, https:\/\/www.dgft.de\/wp-content\/uploads\/Logo-600x246.png 600w, https:\/\/www.dgft.de\/wp-content\/uploads\/Logo-800x328.png 800w, https:\/\/www.dgft.de\/wp-content\/uploads\/Logo.png 1134w\" sizes=\"(max-width: 767px) 100vw, 300px\" \/><\/a><\/span><\/div><div class=\"fusion-text fusion-text-5\" style=\"--awb-margin-left:10px;\"><p style=\"font-size: 14px;\" data-fusion-font=\"true\"><a href=\"https:\/\/www.bosch-stiftung.de\/de\" target=\"_blank\" rel=\"noopener\">weitere Informationen<\/a><\/p>\n<\/div><div class=\"fusion-clearfix\"><\/div><\/div><\/div><\/div><\/div>\n","protected":false},"excerpt":{"rendered":"<p>Mein sicherer Ort Theatertherapeutisches Projekt f\u00fcr gefl\u00fcchtete Kinder und Jugendliche Von Mai 2016 bis Juni 2018 arbeitete ein Team des Instituts f\u00fcr Theatertherapie mit Menschen mit Flucht- &amp; Migrationshintergrund in verschiedenen Settings in Berlin theater- und traumatherapeutisch rund um das Thema &#8220;Mein sicherer Ort&#8221; zusammen. ProjektbeschreibungIm Mai 2016 startete ein Team von Theatertherapeut*innen in der  [&#8230;]<\/p>\n","protected":false},"author":213,"featured_media":0,"parent":3655,"menu_order":5,"comment_status":"closed","ping_status":"closed","template":"","meta":{"_bbp_topic_count":0,"_bbp_reply_count":0,"_bbp_total_topic_count":0,"_bbp_total_reply_count":0,"_bbp_voice_count":0,"_bbp_anonymous_reply_count":0,"_bbp_topic_count_hidden":0,"_bbp_reply_count_hidden":0,"_bbp_forum_subforum_count":0,"footnotes":""},"class_list":["post-3627","page","type-page","status-publish","hentry"],"_links":{"self":[{"href":"https:\/\/www.dgft.de\/en\/wp-json\/wp\/v2\/pages\/3627","targetHints":{"allow":["GET"]}}],"collection":[{"href":"https:\/\/www.dgft.de\/en\/wp-json\/wp\/v2\/pages"}],"about":[{"href":"https:\/\/www.dgft.de\/en\/wp-json\/wp\/v2\/types\/page"}],"author":[{"embeddable":true,"href":"https:\/\/www.dgft.de\/en\/wp-json\/wp\/v2\/users\/213"}],"replies":[{"embeddable":true,"href":"https:\/\/www.dgft.de\/en\/wp-json\/wp\/v2\/comments?post=3627"}],"version-history":[{"count":7,"href":"https:\/\/www.dgft.de\/en\/wp-json\/wp\/v2\/pages\/3627\/revisions"}],"predecessor-version":[{"id":4890,"href":"https:\/\/www.dgft.de\/en\/wp-json\/wp\/v2\/pages\/3627\/revisions\/4890"}],"up":[{"embeddable":true,"href":"https:\/\/www.dgft.de\/en\/wp-json\/wp\/v2\/pages\/3655"}],"wp:attachment":[{"href":"https:\/\/www.dgft.de\/en\/wp-json\/wp\/v2\/media?parent=3627"}],"curies":[{"name":"wp","href":"https:\/\/api.w.org\/{rel}","templated":true}]}}