{"id":3667,"date":"2021-08-01T07:50:11","date_gmt":"2021-08-01T05:50:11","guid":{"rendered":"https:\/\/www.dgft.de\/?page_id=3667"},"modified":"2024-06-25T07:21:34","modified_gmt":"2024-06-25T05:21:34","slug":"yes-we-can","status":"publish","type":"page","link":"https:\/\/www.dgft.de\/en\/projects\/project_archive\/yes-we-can\/","title":{"rendered":"Yes, We Can"},"content":{"rendered":"<div class=\"fusion-fullwidth fullwidth-box fusion-builder-row-1 nonhundred-percent-fullwidth non-hundred-percent-height-scrolling\" style=\"--awb-border-radius-top-left:0px;--awb-border-radius-top-right:0px;--awb-border-radius-bottom-right:0px;--awb-border-radius-bottom-left:0px;--awb-flex-wrap:wrap;\" ><div class=\"fusion-builder-row fusion-row\"><div class=\"fusion-layout-column fusion_builder_column fusion-builder-column-0 fusion_builder_column_1_1 1_1 fusion-one-full fusion-column-first fusion-column-last\" style=\"--awb-bg-size:cover;\"><div class=\"fusion-column-wrapper fusion-column-has-shadow fusion-flex-column-wrapper-legacy\"><div class=\"fusion-image-element fusion-image-align-right in-legacy-container\" style=\"text-align:right;--awb-max-width:150px;--awb-caption-title-font-family:var(--h2_typography-font-family);--awb-caption-title-font-weight:var(--h2_typography-font-weight);--awb-caption-title-font-style:var(--h2_typography-font-style);--awb-caption-title-size:var(--h2_typography-font-size);--awb-caption-title-transform:var(--h2_typography-text-transform);--awb-caption-title-line-height:var(--h2_typography-line-height);--awb-caption-title-letter-spacing:var(--h2_typography-letter-spacing);\"><span class=\" fusion-imageframe imageframe-none imageframe-1 hover-type-none\" style=\"margin-left:25px;float:right;\"><img decoding=\"async\" width=\"241\" height=\"104\" title=\"dgft projekt\" src=\"https:\/\/www.dgft.de\/wp-content\/uploads\/dgft-projekt.png\" alt class=\"img-responsive wp-image-3658\" srcset=\"https:\/\/www.dgft.de\/wp-content\/uploads\/dgft-projekt-200x86.png 200w, https:\/\/www.dgft.de\/wp-content\/uploads\/dgft-projekt.png 241w\" sizes=\"(max-width: 767px) 100vw, 241px\" \/><\/span><\/div><div class=\"fusion-text fusion-text-1\"><div class=\"refs\">\n<h1 class=\"fusion-responsive-typography-calculated\" style=\"--fontsize: 32; line-height: 1.19;\" data-fontsize=\"32\" data-lineheight=\"38px\">YES, WE CAN<\/h1>\n<h1 class=\"fusion-responsive-typography-calculated\" style=\"font-size: 24px;\" data-fontsize=\"32\" data-lineheight=\"38.400001525878906px\" data-fusion-font=\"true\">Theatertherapeutisches Ans\u00e4tze in der Arbeit mit Trauma<\/h1>\n<\/div>\n<\/div><div class=\"fusion-reading-box-container reading-box-container-1\" style=\"--awb-title-color:#666362;--awb-margin-top:0px;--awb-margin-bottom:35px;\"><div class=\"reading-box\" style=\"background-color:#f6f6f6;border-width:5px;border-color:#f6f6f6;border-bottom-width:5px;border-bottom-color:var(--primary_color);border-style:solid;\"><div class=\"reading-box-additional\">Trauma-Heilung und Vorbeugung mit Hilfe der K\u00fcnstlerischen Therapie: St\u00e4rkung der Lebenskr\u00e4fte: E<span style=\"color: var(--body_typography-color); font-family: var(--body_typography-font-family); font-size: var(--body_typography-font-size); font-style: var(--body_typography-font-style,normal); letter-spacing: var(--body_typography-letter-spacing);\">ine deutsch-amerikanisch-russisch-israelische Kooperation<\/span><\/div><div class=\"fusion-clearfix\"><\/div><\/div><svg style=\"opacity:0.65;\" xmlns=\"http:\/\/www.w3.org\/2000\/svg\" version=\"1.1\" width=\"100%\" viewBox=\"0 0 600 28\" preserveAspectRatio=\"none\"><g clip-path=\"url(#a)\"><mask id=\"b\" style=\"mask-type:luminance\" maskUnits=\"userSpaceOnUse\" x=\"0\" y=\"0\" width=\"600\" height=\"28\"><path d=\"M0 0h600v28H0V0Z\" fill=\"#fff\"\/><\/mask><g filter=\"url(#c)\" mask=\"url(#b)\"><path d=\"M16.439-18.667h567.123v30.8S438.961-8.4 300-8.4C161.04-8.4 16.438 12.133 16.438 12.133v-30.8Z\" fill=\"#000\"\/><\/g><\/g><defs><clipPath id=\"a\"><path fill=\"#fff\" d=\"M0 0h600v28H0z\"\/><\/clipPath><filter id=\"c\" x=\"5.438\" y=\"-29.667\" width=\"589.123\" height=\"52.8\" filterUnits=\"userSpaceOnUse\" color-interpolation-filters=\"sRGB\"><feFlood flood-opacity=\"0\" result=\"BackgroundImageFix\"\/><feBlend in=\"SourceGraphic\" in2=\"BackgroundImageFix\" result=\"shape\"\/><feGaussianBlur stdDeviation=\"5.5\" result=\"effect1_foregroundBlur_3983_183\"\/><\/filter><\/defs><\/svg><\/div><div class=\"fusion-title title fusion-title-1 fusion-title-text fusion-title-size-two\" style=\"--awb-margin-bottom:5px;\"><h2 class=\"fusion-title-heading title-heading-left fusion-responsive-typography-calculated\" style=\"margin:0;--fontSize:20;--minFontSize:20;line-height:1.5;\">Projektbeschreibung<\/h2><span class=\"awb-title-spacer\"><\/span><div class=\"title-sep-container\"><div class=\"title-sep sep-single sep-solid\" style=\"border-color:#e0dede;\"><\/div><\/div><\/div><div class=\"fusion-text fusion-text-2\"><p>Von Oktober 2012 bis August 2013 hat Lizzie McAdam von der New York University im Rahmen eines Forschungsstipendiums der Humboldt-Stiftung am ITT zu theatertherapeutischen Ans\u00e4tzen in der Arbeit mit Traumatisierten geforscht.<\/p>\n<p>Im Februar 2013 wurde eine Forschungsreise nach Israel durchgef\u00fchrt, u.a. an das Community Stress Prevention Centre (www.icspc.org) in Kyriat Schmona auf den Golan-H\u00f6hen, das von dem international renommierten Dramatherapeuten und Traumaexperten Mooli Lahad vor 20 Jahren gegr\u00fcndet wurde. Die Forschungsreise hatte das Ziel, M\u00f6glichkeiten der interkulturellen Zusammenarbeit in diesem Bereich zu entwickeln.<\/p>\n<\/div><div class=\"fusion-title title fusion-title-2 fusion-title-text fusion-title-size-two\" style=\"--awb-margin-bottom:5px;--awb-margin-left:5px;\"><h2 class=\"fusion-title-heading title-heading-left fusion-responsive-typography-calculated\" style=\"margin:0;--fontSize:20;--minFontSize:20;line-height:1.5;\">Ver\u00f6ffentlichungen und Ergebnisse<\/h2><span class=\"awb-title-spacer\"><\/span><div class=\"title-sep-container\"><div class=\"title-sep sep-single sep-solid\" style=\"border-color:#e0dede;\"><\/div><\/div><\/div><ul style=\"--awb-size:16px;--awb-line-height:27.2px;--awb-icon-width:27.2px;--awb-icon-height:27.2px;--awb-icon-margin:11.2px;--awb-content-margin:38.4px;--awb-circlecolor:#e29a63;--awb-circle-yes-font-size:14.08px;\" class=\"fusion-checklist fusion-checklist-1 fusion-checklist-default type-icons\"><li class=\"fusion-li-item\" style=\"\"><span class=\"icon-wrapper circle-yes\"><i class=\"fusion-li-icon fa-file-video fas\" aria-hidden=\"true\"><\/i><\/span><div class=\"fusion-li-item-content\">\n<p>YES, WE CAN &#8211; Trauma-Heilung und Vorbeugung (Pr\u00e4sentation, <a href=\"https:\/\/www.dgft.de\/wp-content\/uploads\/Yes-We-Can_Praesentation.pdf\" target=\"_blank\" rel=\"noopener\">Link<\/a>)<\/p>\n<\/div><\/li><li class=\"fusion-li-item\" style=\"\"><span class=\"icon-wrapper circle-yes\"><i class=\"fusion-li-icon fa-file-alt fas\" aria-hidden=\"true\"><\/i><\/span><div class=\"fusion-li-item-content\">\n<p>Pr\u00e4sentationsbeschreibung (<a href=\"https:\/\/www.dgft.de\/wp-content\/uploads\/Yes-We-Can_Praesentationsbeschreibung.pdf\" target=\"_blank\" rel=\"noopener\">Link<\/a>)<\/p>\n<\/div><\/li><\/ul><div class=\"fusion-text fusion-text-3\" style=\"--awb-margin-top:15px;\"><p><b>Anna Shmidt<\/b>, Sozialpsychologin, und<b> Lizzie McAdam<\/b>, Dramatherapeutin, wollen mit dieser Pr\u00e4sentation eine Vorstellung geben, wie Art-Therapeuten in Israel Trauma heilen und Lebenskr\u00e4fte st\u00e4rken \u2013 nicht nur bei den Betroffenen, sondern auch bei den Notfall- und Katastrophenhelfern.<\/p>\n<\/div><div class=\"accordian fusion-accordian\" style=\"--awb-border-size:1px;--awb-icon-size:13px;--awb-content-font-size:16px;--awb-icon-alignment:left;--awb-hover-color:#f9f9f9;--awb-border-color:#cccccc;--awb-background-color:#ffffff;--awb-divider-color:#e0dede;--awb-divider-hover-color:#e0dede;--awb-icon-color:#ffffff;--awb-title-color:#31388c;--awb-content-color:#515050;--awb-icon-box-color:#5a24d2;--awb-toggle-hover-accent-color:#4c0ed1;--awb-title-font-family:&quot;Slabo 13px&quot;;--awb-title-font-weight:400;--awb-title-font-style:normal;--awb-title-font-size:16px;--awb-content-font-family:&quot;Slabo 13px&quot;;--awb-content-font-style:normal;--awb-content-font-weight:regular;\"><div class=\"panel-group fusion-toggle-icon-boxed\" id=\"accordion-3667-1\"><div class=\"fusion-panel panel-default panel-58d888677c419619b fusion-toggle-no-divider\"><div class=\"panel-heading\"><h4 class=\"panel-title toggle\" id=\"toggle_58d888677c419619b\"><a aria-expanded=\"false\" aria-controls=\"58d888677c419619b\" role=\"button\" data-toggle=\"collapse\" data-parent=\"#accordion-3667-1\" data-target=\"#58d888677c419619b\" href=\"#58d888677c419619b\"><span class=\"fusion-toggle-icon-wrapper\" aria-hidden=\"true\"><i class=\"fa-fusion-box active-icon awb-icon-minus\" aria-hidden=\"true\"><\/i><i class=\"fa-fusion-box inactive-icon awb-icon-plus\" aria-hidden=\"true\"><\/i><\/span><span class=\"fusion-toggle-heading\">Erfahrungsbericht von Lizzie McAdam<\/span><\/a><\/h4><\/div><div id=\"58d888677c419619b\" class=\"panel-collapse collapse \" aria-labelledby=\"toggle_58d888677c419619b\"><div class=\"panel-body toggle-content fusion-clearfix\">\n<p><strong>Israel \u2013 Stories and Identity Formation<\/strong><br \/>\n<em>Ein Erfahrungsbericht von Lizzie McAdam, April 2013<\/em><\/p>\n<p>Stepping off the plane in Tel Aviv and into the world of drama therapists, I was immediately struck by the warmth of the people. I had finally reached the land of milk and honey; a place of promise, of fertility, and of possibility. I was immediately met with welcoming images. Bright candles, boisterous chatter and good food on Shabbat. Invitations to visit with colleagues at their places of work, as well as in their homes. Long conversations about what it means to be a creative arts therapist working across cultures. The work was lived and breathed into every moment.<\/p>\n<p>There was also an urgency to the therapeutic work. The hyper-vigilance that comes from living in a place with so much conflict often meant that many therapists worked with one eye on the client and one eye on the horizon, ready for when the next attack would come. Or perhaps the dual focus comes not only from the present-day, regular attacks and threats of violence, but also from the fact that the therapists have a strong connection to the historical past, to the collective narratives that the people who call Israel home are constantly aware of. The personal is also political, and vice versa. Not everyone knows all of the stories of others or understands the different conflicts and complexities at play; but what is true is that therapists working in Israel never forget that everyone has a story, and it may not be what you expect. You always have to ask.<br \/>\nIsrael is a place where bodies, locations, and cultural relationships are questioned, policed and disputed daily. In this environment, identity is always a topic of conversation; the here and now always starts and ends with who is in the room. In this place, Landy\u2019s (2009) question of \u201cwho am I?\u201d is not taken lightly. In traveling to Israel, I faced not only the question of \u201cwho am I?\u201d but also the question of \u201cwho am I in relation to Israel?\u201d<\/p>\n<p>This was a good question. As a new therapist, an American currently based in Berlin but doing research in Israel, I was certainly uprooted. I knew two things: One, that I had needed to get outside of North America and see a larger picture of drama therapy communities abroad\u2014in other words, I wanted to get a bit lost; and two, that I was drawn to the narratives of how trauma treatment evolves across place\/culture\/time. Just before coming to Israel, I had traveled to Athens for a conference. There, I spoke with Dr. Susana Pendzik, an Israeli drama therapist who pinpointed my . \u201cBut what do you want to do in Israel, and why? I\u2019m not getting a clear picture.\u201d Here I was, so far away from home, and Susana had hit the nail on the head. I had successful managed to get myself lost, but now I was unsure of which path to go down next. And what was my role in all of this? Again, Robert Landy\u2019s voice was in my head, asking \u201cWho am I?\u201d<\/p>\n<p>Asking this first important question about a person\u2019s story, then, is the opening ritual; it is the way that the therapist invites the client into a healing safe space. While visiting Mooli Lahad\u2019s Community Center for Stress Prevention, we learned about several methods which all center around dealing directly with the trauma narrative. One in particular, called SEE FAR CBT, combines Cognitive Behavioral Psychology, Somatic Experiencing and Drama Therapy (specifically, storytelling) as a means of engaging with the client\u2019s trauma narrative (Lahad, Farhi, Leykin, &amp; Kaplansky, 2010). The method uses storytelling cards as a projective technique that allows the clients to maintain the appropriate \u201caesthetic distance\u201d needed for therapeutic change (Landy, 1994). What is important, though, is that the client is given many opportunities to tell his or her story. This verbal telling\u2014and retelling, and retelling again\u2014is what Lahad et al. (2010) has found allows clients to heal from post-trauma. This technique is one of \u201cdesensitization,\u201d where the somatic experience involved in post-trauma decreases over time from the exposure. Clients tell their traumatic story repeatedly, and in this retelling, they gain more control over their story.<\/p>\n<p>We also learned, however, that asking about trauma cannot always be through direct, spoken language. One of our first clinical visits in Israel was at a small hospital &amp; nursing home in Jerusalem which serves many people, across many different cultures. The languages spoken there perhaps provide one picture of the diversity: They include but are not limited to Hebrew, Arabic, Yiddish, German, French, English, and Spanish. One of the only rules in the space is that politics are not to be discussed. Our host, Dr. Tammy Einstein, works as an expressive arts therapist and introduced us to several of her clients telling their stories through artwork. Sometimes, a story needs to come out, and that may need to happen in a variety of forms. We heard the story of one woman, who never considered herself an artist, and yet at the age of sixty has begun creating visual art to express her thoughts on life and humanity. Her art pieces depict a wide variety of patterns, symmetry and situations, but in them are almost always people. People coming together, forming relationships. For this client, spoken language could happen only after visual expression of her experience.<br \/>\nOne of my most profound moments of realization about identity formation came during one of the workshops that Ingrid Lutz, my mentor in Berlin, gave with a group of Israeli drama therapists. Ingrid\u2019s workshop examined family constellations through physical and (mostly) nonverbal work. Although I was introduced to her methods of body-based work before coming to Israel, I was struck by the new knowledge that came up in examining these family relationships, as evidenced by the following example.<\/p>\n<p>As is common in her way of working, Ingrid asked participants to start from frozen sculptures, and to begin to follow their impulses physically and, when appropriate, through sound. In one family constellation from a story about incest, the family constellation was able to discover the connection between the incest and the way it smothered healthy sexual development in the family through this physical, nonverbal work. It occurred organically, simply as part of the sound and movement in the room, and as it occurred, you could see the look of realization dawning on the face of the therapist who had brought this story of her clients to the workshop. The body has ways of knowing that the mind cannot fully speak about. Furthermore, identity cannot be unhooked from your ties to family relationships\u2014whether this be your biological family, chosen family or otherwise. From this I remembered that sometimes, in order to understand where you are going, you need to look behind you and see not just what, but who is there. Again it was a moment of dual focus\u2014not just the present moment in the here-and-now, but the constantly changing and shifting relationship between the present moment and the past that had shaped it, which is not at all static but instead constantly in motion.<\/p>\n<p>So in the end, I come back to this question of who am I? Who am I, to describe the work being done in a culture so different from my own? I am an outsider, a shape-shifter, a wanderer on a journey to find her own identity by learning from the work of her fellow therapists. I have no answers, only my process. Getting lost has been an integral part of questioning my own views and intersections\u2014as a white, female therapist trained in mostly European-centered models of creative arts therapy\u2014which are always in the room as I do my own work. I am building my own house, taking strength from my community as I do my own work. Please remember to take everything I write with a grain of salt; better yet, sprinkle your salt on a piece of Challah as a wish that our professional homes always be this full. May we always examine the house we live in. May we always stay connected to our roots, and ask ourselves daily not just where we come from, but where we are going. May we always take pleasure in the journey, regardless of our destination.<\/p>\n<p><strong>References<\/strong><\/p>\n<ul>\n<li>Lahad, M., Farhi, M., Leykin, D., Kaplansky, N. (2010). <em>Preliminary study of a new<\/em><br \/>\n<em>integrative approach in treating post-traumatic stress disorder: SEE FAR CBT<\/em>. The Arts in Psychotherapy, 37, 391-399.<\/li>\n<li>Landy, R. (1994). <em>Drama therapy: Concepts, theories and practices<\/em> (2nd ed.). Springfield,<br \/>\nIllinois: Charles C. Thomas Publisher.<\/li>\n<li>Landy, R. (2009). Role theory and the role method of drama therapy. In R. Emunah<br \/>\nand D. Johnson (Eds.), <em>Current approaches in drama therapy<\/em> (2nd ed.) (65-88). Springfield: Charles C. Thomas, Publisher, LTD.<\/li>\n<li>Landy, R. (2012 September 12). <em>Destination Israel: Drama therapy part 4<\/em>. Psychology<br \/>\nToday. Retrieved from http:\/\/www.psychologytoday.com\/blog\/couch-and-stage\/201209\/destination-israel-drama-therapy-part-4.<\/li>\n<\/ul>\n<\/div><\/div><\/div><\/div><\/div><div class=\"fusion-title title fusion-title-3 fusion-title-text fusion-title-size-two\" style=\"--awb-margin-top:15px;--awb-margin-bottom:5px;--awb-margin-left:5px;\"><h2 class=\"fusion-title-heading title-heading-left fusion-responsive-typography-calculated\" style=\"margin:0;--fontSize:20;--minFontSize:20;line-height:1.5;\">Projektleitung<\/h2><span class=\"awb-title-spacer\"><\/span><div class=\"title-sep-container\"><div class=\"title-sep sep-single sep-solid\" style=\"border-color:#e0dede;\"><\/div><\/div><\/div><ul style=\"--awb-size:16px;--awb-line-height:27.2px;--awb-icon-width:27.2px;--awb-icon-height:27.2px;--awb-icon-margin:11.2px;--awb-content-margin:38.4px;--awb-circlecolor:#ad4e56;--awb-circle-yes-font-size:14.08px;\" class=\"fusion-checklist fusion-checklist-2 fusion-checklist-default type-icons\"><li class=\"fusion-li-item\" style=\"\"><span class=\"icon-wrapper circle-yes\"><i class=\"fusion-li-icon fa-user fas\" aria-hidden=\"true\"><\/i><\/span><div class=\"fusion-li-item-content\">Lizzie McAdam<\/div><\/li><li class=\"fusion-li-item\" style=\"\"><span class=\"icon-wrapper circle-yes\"><i class=\"fusion-li-icon fa-user fas\" aria-hidden=\"true\"><\/i><\/span><div class=\"fusion-li-item-content\">\n<p>Anna Shmidt<\/p>\n<\/div><\/li><\/ul><div class=\"fusion-text fusion-text-4\" style=\"--awb-margin-top:10px;\"><p>Das Projekt ist eine Kooperation des <strong>Instituts f\u00fcr Theatertherapie<\/strong> (ITT), der <b>New York University<\/b> und dem <b>Community Stress Prevention Centre<\/b> in Kyriat Schmona. Lizzie McAdams Forschungsaufenthalt am ITT wurde finanziert durch die Humboldt-Stiftung.<\/p>\n<\/div><div class=\"fusion-clearfix\"><\/div><\/div><\/div><\/div><\/div>\n","protected":false},"excerpt":{"rendered":"<p>YES, WE CAN Theatertherapeutisches Ans\u00e4tze in der Arbeit mit Trauma Trauma-Heilung und Vorbeugung mit Hilfe der K\u00fcnstlerischen Therapie: St\u00e4rkung der Lebenskr\u00e4fte: Eine deutsch-amerikanisch-russisch-israelische KooperationProjektbeschreibungVon Oktober 2012 bis August 2013 hat Lizzie McAdam von der New York University im Rahmen eines Forschungsstipendiums der Humboldt-Stiftung am ITT zu theatertherapeutischen Ans\u00e4tzen in der Arbeit mit Traumatisierten geforscht. Im  [&#8230;]<\/p>\n","protected":false},"author":213,"featured_media":0,"parent":3655,"menu_order":6,"comment_status":"closed","ping_status":"closed","template":"","meta":{"_bbp_topic_count":0,"_bbp_reply_count":0,"_bbp_total_topic_count":0,"_bbp_total_reply_count":0,"_bbp_voice_count":0,"_bbp_anonymous_reply_count":0,"_bbp_topic_count_hidden":0,"_bbp_reply_count_hidden":0,"_bbp_forum_subforum_count":0,"footnotes":""},"class_list":["post-3667","page","type-page","status-publish","hentry"],"_links":{"self":[{"href":"https:\/\/www.dgft.de\/en\/wp-json\/wp\/v2\/pages\/3667","targetHints":{"allow":["GET"]}}],"collection":[{"href":"https:\/\/www.dgft.de\/en\/wp-json\/wp\/v2\/pages"}],"about":[{"href":"https:\/\/www.dgft.de\/en\/wp-json\/wp\/v2\/types\/page"}],"author":[{"embeddable":true,"href":"https:\/\/www.dgft.de\/en\/wp-json\/wp\/v2\/users\/213"}],"replies":[{"embeddable":true,"href":"https:\/\/www.dgft.de\/en\/wp-json\/wp\/v2\/comments?post=3667"}],"version-history":[{"count":7,"href":"https:\/\/www.dgft.de\/en\/wp-json\/wp\/v2\/pages\/3667\/revisions"}],"predecessor-version":[{"id":4891,"href":"https:\/\/www.dgft.de\/en\/wp-json\/wp\/v2\/pages\/3667\/revisions\/4891"}],"up":[{"embeddable":true,"href":"https:\/\/www.dgft.de\/en\/wp-json\/wp\/v2\/pages\/3655"}],"wp:attachment":[{"href":"https:\/\/www.dgft.de\/en\/wp-json\/wp\/v2\/media?parent=3667"}],"curies":[{"name":"wp","href":"https:\/\/api.w.org\/{rel}","templated":true}]}}