{"id":3675,"date":"2021-08-01T08:20:08","date_gmt":"2021-08-01T06:20:08","guid":{"rendered":"https:\/\/www.dgft.de\/?page_id=3675"},"modified":"2024-06-25T07:22:10","modified_gmt":"2024-06-25T05:22:10","slug":"banalitaet","status":"publish","type":"page","link":"https:\/\/www.dgft.de\/en\/projects\/project_archive\/banalitaet\/","title":{"rendered":"Banalit\u00e4t des B\u00f6sen"},"content":{"rendered":"<div class=\"fusion-fullwidth fullwidth-box fusion-builder-row-1 nonhundred-percent-fullwidth non-hundred-percent-height-scrolling\" style=\"--awb-border-radius-top-left:0px;--awb-border-radius-top-right:0px;--awb-border-radius-bottom-right:0px;--awb-border-radius-bottom-left:0px;--awb-flex-wrap:wrap;\" ><div class=\"fusion-builder-row fusion-row\"><div class=\"fusion-layout-column fusion_builder_column fusion-builder-column-0 fusion_builder_column_1_1 1_1 fusion-one-full fusion-column-first fusion-column-last\" style=\"--awb-bg-size:cover;\"><div class=\"fusion-column-wrapper fusion-column-has-shadow fusion-flex-column-wrapper-legacy\"><div class=\"fusion-text fusion-text-1\"><div class=\"refs\">\n<h1 class=\"fusion-responsive-typography-calculated\" style=\"--fontsize: 32; line-height: 1.19;\" data-fontsize=\"32\" data-lineheight=\"38px\">Zur Banalit\u00e4t des B\u00f6sen<\/h1>\n<h1 class=\"fusion-responsive-typography-calculated\" style=\"font-size: 24px;\" data-fontsize=\"32\" data-lineheight=\"38.400001525878906px\" data-fusion-font=\"true\">Ein Auff\u00fchrungsprojekt im Gef\u00e4ngnis<\/h1>\n<\/div>\n<\/div><div class=\"fusion-reading-box-container reading-box-container-1\" style=\"--awb-title-color:#666362;--awb-margin-top:0px;--awb-margin-bottom:35px;\"><div class=\"reading-box\" style=\"background-color:#f6f6f6;border-width:5px;border-color:#f6f6f6;border-bottom-width:5px;border-bottom-color:var(--primary_color);border-style:solid;\"><div class=\"reading-box-additional\">\n<div class=\"page\" title=\"Page 1\">\n<div class=\"section\">\n<div class=\"section\">\n<div class=\"layoutArea\">\n<div class=\"column\">\n<p>Eine Produktion von <strong>Fabian Chyle<\/strong> in Kooperation mit dem <b>Institiut fu\u0308r Theatertherapie<\/b>, der <b>Tanz- und Theaterwerkstatt Ludwigsburg<\/b> und der sozialtherapeutischen Anstalt <b>Hohenasperg<\/b>.<\/p>\n<\/div>\n<\/div>\n<\/div>\n<\/div>\n<\/div>\n<\/div><div class=\"fusion-clearfix\"><\/div><\/div><svg style=\"opacity:0.65;\" xmlns=\"http:\/\/www.w3.org\/2000\/svg\" version=\"1.1\" width=\"100%\" viewBox=\"0 0 600 28\" preserveAspectRatio=\"none\"><g clip-path=\"url(#a)\"><mask id=\"b\" style=\"mask-type:luminance\" maskUnits=\"userSpaceOnUse\" x=\"0\" y=\"0\" width=\"600\" height=\"28\"><path d=\"M0 0h600v28H0V0Z\" fill=\"#fff\"\/><\/mask><g filter=\"url(#c)\" mask=\"url(#b)\"><path d=\"M16.439-18.667h567.123v30.8S438.961-8.4 300-8.4C161.04-8.4 16.438 12.133 16.438 12.133v-30.8Z\" fill=\"#000\"\/><\/g><\/g><defs><clipPath id=\"a\"><path fill=\"#fff\" d=\"M0 0h600v28H0z\"\/><\/clipPath><filter id=\"c\" x=\"5.438\" y=\"-29.667\" width=\"589.123\" height=\"52.8\" filterUnits=\"userSpaceOnUse\" color-interpolation-filters=\"sRGB\"><feFlood flood-opacity=\"0\" result=\"BackgroundImageFix\"\/><feBlend in=\"SourceGraphic\" in2=\"BackgroundImageFix\" result=\"shape\"\/><feGaussianBlur stdDeviation=\"5.5\" result=\"effect1_foregroundBlur_3983_183\"\/><\/filter><\/defs><\/svg><\/div><div class=\"fusion-title title fusion-title-1 fusion-title-text fusion-title-size-two\" style=\"--awb-margin-bottom:5px;\"><h2 class=\"fusion-title-heading title-heading-left fusion-responsive-typography-calculated\" style=\"margin:0;--fontSize:20;--minFontSize:20;line-height:1.5;\">Projektbeschreibung<\/h2><span class=\"awb-title-spacer\"><\/span><div class=\"title-sep-container\"><div class=\"title-sep sep-single sep-solid\" style=\"border-color:#e0dede;\"><\/div><\/div><\/div><div class=\"fusion-text fusion-text-2\"><p><span style=\"color: var(--body_typography-color); font-family: var(--body_typography-font-family); font-size: var(--body_typography-font-size); font-style: var(--body_typography-font-style,normal); letter-spacing: var(--body_typography-letter-spacing);\">Mit dem Projekt &#8220;Banalit\u00e4t des B\u00f6sen&#8221; wagten die Verantwortlichen ein Novum im Feld des Gef\u00e4ngnistheater in Deutschland. Erstmals standen Insassen, also Gewalt-T\u00e4ter, zusammen mit Frauen, die mehrheitlich Opfern von Gewalt wurden, und Jugendlichen zusammen auf der B\u00fchne.<\/span><\/p>\n<p><span style=\"font-family: var(--body_typography-font-family);\"><span style=\"color: var(--body_typography-color); font-style: var(--body_typography-font-style,normal); letter-spacing: var(--body_typography-letter-spacing);\">Das Theater- und Performanceprojekt rund um das Theaterst\u00fcck &#8220;<\/span><\/span>Ubu Roi&#8221; (Alfred Jarry)<span style=\"font-family: var(--body_typography-font-family);\"><span style=\"color: var(--body_typography-color); font-style: var(--body_typography-font-style,normal); letter-spacing: var(--body_typography-letter-spacing);\"> wurde von dem Choreografen und Tanztherapeuten Fabian Chyle konzipiert und initiiert. Umgesetzt hat er es mit der Regisseurin und Theatertherapeutin Ingrid Lutz, der Tanztherapeutin Margit Romeis sowie mit der Figurentheaterspielerin und B\u00fchnenbildnerin Stefanie Oberhoff. Erarbeitet wurde das St\u00fcck an getrennten Orten und mit getrennten Gruppen: Die Insassen in jenem Raum, in welchen sonst die Gef\u00e4ngnismessen auf dem Hohenasperg gehalten werden, die Frauen und Jugendlichen in den R\u00e4umen der Tanz- und Theaterwerkstatt Ludwigsburg.<\/span><\/span><\/p>\n<p><span style=\"color: var(--body_typography-color); font-family: var(--body_typography-font-family); font-size: var(--body_typography-font-size); font-style: var(--body_typography-font-style,normal); letter-spacing: var(--body_typography-letter-spacing);\">Die beiden Gruppen kamen im Hohenasperg erstmals zu der Generalprobe zusammen, die zugleich eine Auff\u00fchrung f\u00fcr die Mitgefangenen war. Die UBU-Variationen wurden schlussendlich einem geladenen Publikum jenseits der Gef\u00e4ngnismauern in zwei Auff\u00fchrungen pr\u00e4sentiert.<\/span><\/p>\n<\/div><div class=\"fusion-title title fusion-title-2 fusion-title-text fusion-title-size-two\" style=\"--awb-margin-bottom:5px;--awb-margin-left:5px;\"><h2 class=\"fusion-title-heading title-heading-left fusion-responsive-typography-calculated\" style=\"margin:0;--fontSize:20;--minFontSize:20;line-height:1.5;\">Ver\u00f6ffentlichungen und Ergebnisse<\/h2><span class=\"awb-title-spacer\"><\/span><div class=\"title-sep-container\"><div class=\"title-sep sep-single sep-solid\" style=\"border-color:#e0dede;\"><\/div><\/div><\/div><ul style=\"--awb-size:16px;--awb-line-height:27.2px;--awb-icon-width:27.2px;--awb-icon-height:27.2px;--awb-icon-margin:11.2px;--awb-content-margin:38.4px;--awb-circlecolor:#e29a63;--awb-circle-yes-font-size:14.08px;\" class=\"fusion-checklist fusion-checklist-1 fusion-checklist-default type-icons\"><li class=\"fusion-li-item\" style=\"\"><span class=\"icon-wrapper circle-yes\"><i class=\"fusion-li-icon fa-file-alt fas\" aria-hidden=\"true\"><\/i><\/span><div class=\"fusion-li-item-content\">\n<p>Projektbeschreibung und Interview mit Fabian Chyle (<a href=\"https:\/\/www.dgft.de\/wp-content\/uploads\/UBU_Projekt_Broschuere.pdf\" target=\"_blank\" rel=\"noopener\">Link<\/a>)<\/p>\n<\/div><\/li><\/ul><div class=\"fusion-title title fusion-title-3 fusion-title-text fusion-title-size-two\" style=\"--awb-margin-top:15px;--awb-margin-bottom:5px;--awb-margin-left:5px;\"><h2 class=\"fusion-title-heading title-heading-left fusion-responsive-typography-calculated\" style=\"margin:0;--fontSize:20;--minFontSize:20;line-height:1.5;\">Projektleitung<\/h2><span class=\"awb-title-spacer\"><\/span><div class=\"title-sep-container\"><div class=\"title-sep sep-single sep-solid\" style=\"border-color:#e0dede;\"><\/div><\/div><\/div><ul style=\"--awb-size:16px;--awb-line-height:27.2px;--awb-icon-width:27.2px;--awb-icon-height:27.2px;--awb-icon-margin:11.2px;--awb-content-margin:38.4px;--awb-circlecolor:#ad4e56;--awb-circle-yes-font-size:14.08px;\" class=\"fusion-checklist fusion-checklist-2 fusion-checklist-default type-icons\"><li class=\"fusion-li-item\" style=\"\"><span class=\"icon-wrapper circle-yes\"><i class=\"fusion-li-icon fa-user fas\" aria-hidden=\"true\"><\/i><\/span><div class=\"fusion-li-item-content\">Fabian Chyle (Tanztherapie)<\/div><\/li><li class=\"fusion-li-item\" style=\"\"><span class=\"icon-wrapper circle-yes\"><i class=\"fusion-li-icon fa-user fas\" aria-hidden=\"true\"><\/i><\/span><div class=\"fusion-li-item-content\">\n<p>Margit Romeis (Tanztherapie)<\/p>\n<\/div><\/li><li class=\"fusion-li-item\" style=\"\"><span class=\"icon-wrapper circle-yes\"><i class=\"fusion-li-icon fa-user fas\" aria-hidden=\"true\"><\/i><\/span><div class=\"fusion-li-item-content\">Stefanie Oberhof (Figurentheaterspiel und B\u00fchnenbild)<\/div><\/li><li class=\"fusion-li-item\" style=\"\"><span class=\"icon-wrapper circle-yes\"><i class=\"fusion-li-icon fa-user fas\" aria-hidden=\"true\"><\/i><\/span><div class=\"fusion-li-item-content\">\n<p>Ingrid Lutz (Regisseurin und Theatertherapeutin)<\/p>\n<\/div><\/li><\/ul><div class=\"fusion-clearfix\"><\/div><\/div><\/div><\/div><\/div>\n","protected":false},"excerpt":{"rendered":"<p>Zur Banalit\u00e4t des B\u00f6sen Ein Auff\u00fchrungsprojekt im Gef\u00e4ngnis Eine Produktion von Fabian Chyle in Kooperation mit dem Institiut fu\u0308r Theatertherapie, der Tanz- und Theaterwerkstatt Ludwigsburg und der sozialtherapeutischen Anstalt Hohenasperg. ProjektbeschreibungMit dem Projekt &#8220;Banalit\u00e4t des B\u00f6sen&#8221; wagten die Verantwortlichen ein Novum im Feld des Gef\u00e4ngnistheater in Deutschland. Erstmals standen Insassen, also Gewalt-T\u00e4ter, zusammen mit Frauen,  [&#8230;]<\/p>\n","protected":false},"author":213,"featured_media":0,"parent":3655,"menu_order":7,"comment_status":"closed","ping_status":"closed","template":"","meta":{"_bbp_topic_count":0,"_bbp_reply_count":0,"_bbp_total_topic_count":0,"_bbp_total_reply_count":0,"_bbp_voice_count":0,"_bbp_anonymous_reply_count":0,"_bbp_topic_count_hidden":0,"_bbp_reply_count_hidden":0,"_bbp_forum_subforum_count":0,"footnotes":""},"class_list":["post-3675","page","type-page","status-publish","hentry"],"_links":{"self":[{"href":"https:\/\/www.dgft.de\/en\/wp-json\/wp\/v2\/pages\/3675","targetHints":{"allow":["GET"]}}],"collection":[{"href":"https:\/\/www.dgft.de\/en\/wp-json\/wp\/v2\/pages"}],"about":[{"href":"https:\/\/www.dgft.de\/en\/wp-json\/wp\/v2\/types\/page"}],"author":[{"embeddable":true,"href":"https:\/\/www.dgft.de\/en\/wp-json\/wp\/v2\/users\/213"}],"replies":[{"embeddable":true,"href":"https:\/\/www.dgft.de\/en\/wp-json\/wp\/v2\/comments?post=3675"}],"version-history":[{"count":5,"href":"https:\/\/www.dgft.de\/en\/wp-json\/wp\/v2\/pages\/3675\/revisions"}],"predecessor-version":[{"id":4892,"href":"https:\/\/www.dgft.de\/en\/wp-json\/wp\/v2\/pages\/3675\/revisions\/4892"}],"up":[{"embeddable":true,"href":"https:\/\/www.dgft.de\/en\/wp-json\/wp\/v2\/pages\/3655"}],"wp:attachment":[{"href":"https:\/\/www.dgft.de\/en\/wp-json\/wp\/v2\/media?parent=3675"}],"curies":[{"name":"wp","href":"https:\/\/api.w.org\/{rel}","templated":true}]}}