{"id":3693,"date":"2021-08-01T09:01:52","date_gmt":"2021-08-01T07:01:52","guid":{"rendered":"https:\/\/www.dgft.de\/?page_id=3693"},"modified":"2022-01-13T12:10:36","modified_gmt":"2022-01-13T11:10:36","slug":"jackie","status":"publish","type":"page","link":"https:\/\/www.dgft.de\/en\/projects\/project_archive\/jackie\/","title":{"rendered":"Jackie B."},"content":{"rendered":"<div class=\"fusion-fullwidth fullwidth-box fusion-builder-row-1 nonhundred-percent-fullwidth non-hundred-percent-height-scrolling\" style=\"--awb-border-radius-top-left:0px;--awb-border-radius-top-right:0px;--awb-border-radius-bottom-right:0px;--awb-border-radius-bottom-left:0px;--awb-flex-wrap:wrap;\" ><div class=\"fusion-builder-row fusion-row\"><div class=\"fusion-layout-column fusion_builder_column fusion-builder-column-0 fusion_builder_column_1_1 1_1 fusion-one-full fusion-column-first fusion-column-last\" style=\"--awb-bg-size:cover;\"><div class=\"fusion-column-wrapper fusion-column-has-shadow fusion-flex-column-wrapper-legacy\"><div class=\"fusion-text fusion-text-1\"><div class=\"refs\">\n<h1 class=\"fusion-responsive-typography-calculated\" style=\"--fontsize: 32; line-height: 1.19;\" data-fontsize=\"32\" data-lineheight=\"38px\">Jackie B. &#8211; Ein Leben in Extremen<\/h1>\n<h1 class=\"fusion-responsive-typography-calculated\" style=\"font-size: 24px;\" data-fontsize=\"32\" data-lineheight=\"38.400001525878906px\" data-fusion-font=\"true\">Theater Oberhausen, 2012<\/h1>\n<\/div>\n<\/div><div class=\"fusion-reading-box-container reading-box-container-1\" style=\"--awb-title-color:#666362;--awb-margin-top:0px;--awb-margin-bottom:35px;\"><div class=\"reading-box\" style=\"background-color:#f6f6f6;border-width:5px;border-color:#f6f6f6;border-bottom-width:5px;border-bottom-color:var(--primary_color);border-style:solid;\"><div class=\"reading-box-additional\">\n<div class=\"page\" title=\"Page 1\">\n<div class=\"section\">\n<div class=\"section\">\n<div class=\"layoutArea\">\n<div class=\"column\">\n<p>Die Regisseurin und Theatertherapeutin Heike Scharpff realisierte in der Spielzeit 2012\/2013 gemeinsam mit Patientinnen und Patienten mit einer Borderline Erkrankung das St\u00fcck Jackie B., das darauffolgend im regul\u00e4ren Spielbetrieb des Theaters gezeigt wurde.<\/p>\n<\/div>\n<\/div>\n<\/div>\n<\/div>\n<\/div>\n<\/div><div class=\"fusion-clearfix\"><\/div><\/div><svg style=\"opacity:0.65;\" xmlns=\"http:\/\/www.w3.org\/2000\/svg\" version=\"1.1\" width=\"100%\" viewBox=\"0 0 600 28\" preserveAspectRatio=\"none\"><g clip-path=\"url(#a)\"><mask id=\"b\" style=\"mask-type:luminance\" maskUnits=\"userSpaceOnUse\" x=\"0\" y=\"0\" width=\"600\" height=\"28\"><path d=\"M0 0h600v28H0V0Z\" fill=\"#fff\"\/><\/mask><g filter=\"url(#c)\" mask=\"url(#b)\"><path d=\"M16.439-18.667h567.123v30.8S438.961-8.4 300-8.4C161.04-8.4 16.438 12.133 16.438 12.133v-30.8Z\" fill=\"#000\"\/><\/g><\/g><defs><clipPath id=\"a\"><path fill=\"#fff\" d=\"M0 0h600v28H0z\"\/><\/clipPath><filter id=\"c\" x=\"5.438\" y=\"-29.667\" width=\"589.123\" height=\"52.8\" filterUnits=\"userSpaceOnUse\" color-interpolation-filters=\"sRGB\"><feFlood flood-opacity=\"0\" result=\"BackgroundImageFix\"\/><feBlend in=\"SourceGraphic\" in2=\"BackgroundImageFix\" result=\"shape\"\/><feGaussianBlur stdDeviation=\"5.5\" result=\"effect1_foregroundBlur_3983_183\"\/><\/filter><\/defs><\/svg><\/div><div class=\"fusion-title title fusion-title-1 fusion-title-text fusion-title-size-two\" style=\"--awb-margin-bottom:5px;--awb-margin-left:5px;\"><h2 class=\"fusion-title-heading title-heading-left fusion-responsive-typography-calculated\" style=\"margin:0;--fontSize:20;--minFontSize:20;line-height:1.5;\">Projektbeschreibung<\/h2><span class=\"awb-title-spacer\"><\/span><div class=\"title-sep-container\"><div class=\"title-sep sep-single sep-solid\" style=\"border-color:#e0dede;\"><\/div><\/div><\/div><div class=\"fusion-text fusion-text-2\"><p style=\"padding-left: 40px;\"><i>Schwierig, sich mit einem Luftgewehr zu erschiessen. Jedenfalls wenn man wirklich sterben will.<br \/>\nMit Seilen ist es auch schwierig.<br \/>\nBei mir ging \u0301s nicht.<br \/>\nDas lag aber nicht am Seil. Das lag an meinem zweiten Ich.<br \/>\nGut, wenn man zwei davon hat.<\/i><\/p>\n<p>So beginnt das Theaterst\u00fcck <strong>Jackie B. &#8211; ein Leben in Extremen<\/strong>, in dem f\u00fcnf Borderline-Betroffene und ein Angeh\u00f6riger mitspielen und das im M\u00e4rz 2012 im Theater Oberhausen acht mal vor einem komplett ausverkauften Haus aufgef\u00fchrt wurde. Ein pralles St\u00fcck Leben, das das Ph\u00e4nomen Borderline etwas n\u00e4her bringt und versucht mit <span style=\"color: var(--body_typography-color); font-family: var(--body_typography-font-family); font-size: var(--body_typography-font-size); font-style: var(--body_typography-font-style,normal); letter-spacing: var(--body_typography-letter-spacing);\"> Vorurteilen gegen\u00fcber &#8220;psychisch Kranken&#8221; aufzur\u00e4umen.<\/span><\/p>\n<blockquote>\n<p>\u201eDanke fu\u0308r die tolle Zeit, die Diskussionen, das Versta\u0308ndnis und auch das Unversta\u0308ndnis. Das alles hat mir soviel gegeben wie viele Stunden Therapie mir vielleicht nie ha\u0308tten geben ko\u0308nnen.\u201c<span style=\"font-style: normal;\"> <span style=\"font-size: 12px;\" data-fusion-font=\"true\">(Mitspielerin)<\/span><\/span><\/p>\n<\/blockquote>\n<p style=\"text-align: right;\">\n<\/div><div class=\"fusion-title title fusion-title-2 fusion-title-text fusion-title-size-two\" style=\"--awb-margin-bottom:5px;--awb-margin-left:5px;\"><h2 class=\"fusion-title-heading title-heading-left fusion-responsive-typography-calculated\" style=\"margin:0;--fontSize:20;--minFontSize:20;line-height:1.5;\">Pr\u00e4sentation und Ergebnisse<\/h2><span class=\"awb-title-spacer\"><\/span><div class=\"title-sep-container\"><div class=\"title-sep sep-single sep-solid\" style=\"border-color:#e0dede;\"><\/div><\/div><\/div><ul style=\"--awb-size:16px;--awb-line-height:27.2px;--awb-icon-width:27.2px;--awb-icon-height:27.2px;--awb-icon-margin:11.2px;--awb-content-margin:38.4px;--awb-circlecolor:#e29a63;--awb-circle-yes-font-size:14.08px;\" class=\"fusion-checklist fusion-checklist-1 fusion-checklist-default type-icons\"><li class=\"fusion-li-item\" style=\"\"><span class=\"icon-wrapper circle-yes\"><i class=\"fusion-li-icon fa-file-alt fas\" aria-hidden=\"true\"><\/i><\/span><div class=\"fusion-li-item-content\">\n<p>Projektbeschreibung (<a href=\"https:\/\/www.dgft.de\/wp-content\/uploads\/JackieB_Scharpff_2012.pdf\" target=\"_blank\" rel=\"noopener\">Link<\/a>)<\/p>\n<\/div><\/li><\/ul><div class=\"fusion-title title fusion-title-3 fusion-title-text fusion-title-size-two\" style=\"--awb-margin-top:15px;--awb-margin-bottom:5px;--awb-margin-left:5px;\"><h2 class=\"fusion-title-heading title-heading-left fusion-responsive-typography-calculated\" style=\"margin:0;--fontSize:20;--minFontSize:20;line-height:1.5;\">Projektleitung<\/h2><span class=\"awb-title-spacer\"><\/span><div class=\"title-sep-container\"><div class=\"title-sep sep-single sep-solid\" style=\"border-color:#e0dede;\"><\/div><\/div><\/div><ul style=\"--awb-size:16px;--awb-line-height:27.2px;--awb-icon-width:27.2px;--awb-icon-height:27.2px;--awb-icon-margin:11.2px;--awb-content-margin:38.4px;--awb-circlecolor:#ad4e56;--awb-circle-yes-font-size:14.08px;\" class=\"fusion-checklist fusion-checklist-2 fusion-checklist-default type-icons\"><li class=\"fusion-li-item\" style=\"\"><span class=\"icon-wrapper circle-yes\"><i class=\"fusion-li-icon fa-user fas\" aria-hidden=\"true\"><\/i><\/span><div class=\"fusion-li-item-content\">\n<p>Heike Scharpff (<a href=\"https:\/\/heikescharpff.de\/2014\/06\/07\/jackie-b\/\" target=\"_blank\" rel=\"noopener\">Website<\/a>)<\/p>\n<\/div><\/li><\/ul><div class=\"fusion-clearfix\"><\/div><\/div><\/div><\/div><\/div>\n","protected":false},"excerpt":{"rendered":"<p>Jackie B. &#8211; Ein Leben in Extremen Theater Oberhausen, 2012 Die Regisseurin und Theatertherapeutin Heike Scharpff realisierte in der Spielzeit 2012\/2013 gemeinsam mit Patientinnen und Patienten mit einer Borderline Erkrankung das St\u00fcck Jackie B., das darauffolgend im regul\u00e4ren Spielbetrieb des Theaters gezeigt wurde. ProjektbeschreibungSchwierig, sich mit einem Luftgewehr zu erschiessen. Jedenfalls wenn man wirklich sterben  [&#8230;]<\/p>\n","protected":false},"author":213,"featured_media":0,"parent":3655,"menu_order":7,"comment_status":"closed","ping_status":"closed","template":"","meta":{"_bbp_topic_count":0,"_bbp_reply_count":0,"_bbp_total_topic_count":0,"_bbp_total_reply_count":0,"_bbp_voice_count":0,"_bbp_anonymous_reply_count":0,"_bbp_topic_count_hidden":0,"_bbp_reply_count_hidden":0,"_bbp_forum_subforum_count":0,"footnotes":""},"class_list":["post-3693","page","type-page","status-publish","hentry"],"_links":{"self":[{"href":"https:\/\/www.dgft.de\/en\/wp-json\/wp\/v2\/pages\/3693","targetHints":{"allow":["GET"]}}],"collection":[{"href":"https:\/\/www.dgft.de\/en\/wp-json\/wp\/v2\/pages"}],"about":[{"href":"https:\/\/www.dgft.de\/en\/wp-json\/wp\/v2\/types\/page"}],"author":[{"embeddable":true,"href":"https:\/\/www.dgft.de\/en\/wp-json\/wp\/v2\/users\/213"}],"replies":[{"embeddable":true,"href":"https:\/\/www.dgft.de\/en\/wp-json\/wp\/v2\/comments?post=3693"}],"version-history":[{"count":6,"href":"https:\/\/www.dgft.de\/en\/wp-json\/wp\/v2\/pages\/3693\/revisions"}],"predecessor-version":[{"id":3786,"href":"https:\/\/www.dgft.de\/en\/wp-json\/wp\/v2\/pages\/3693\/revisions\/3786"}],"up":[{"embeddable":true,"href":"https:\/\/www.dgft.de\/en\/wp-json\/wp\/v2\/pages\/3655"}],"wp:attachment":[{"href":"https:\/\/www.dgft.de\/en\/wp-json\/wp\/v2\/media?parent=3693"}],"curies":[{"name":"wp","href":"https:\/\/api.w.org\/{rel}","templated":true}]}}