{"id":4255,"date":"2022-11-30T15:24:32","date_gmt":"2022-11-30T14:24:32","guid":{"rendered":"https:\/\/www.dgft.de\/?page_id=4255"},"modified":"2024-11-20T09:48:55","modified_gmt":"2024-11-20T08:48:55","slug":"starkekinder-2","status":"publish","type":"page","link":"https:\/\/www.dgft.de\/en\/projects\/starkekinder-2\/","title":{"rendered":"Starke Kids"},"content":{"rendered":"<div class=\"fusion-fullwidth fullwidth-box fusion-builder-row-1 nonhundred-percent-fullwidth non-hundred-percent-height-scrolling\" style=\"--awb-border-radius-top-left:0px;--awb-border-radius-top-right:0px;--awb-border-radius-bottom-right:0px;--awb-border-radius-bottom-left:0px;--awb-flex-wrap:wrap;\" ><div class=\"fusion-builder-row fusion-row\"><div class=\"fusion-layout-column fusion_builder_column fusion-builder-column-0 fusion_builder_column_1_1 1_1 fusion-one-full fusion-column-first fusion-column-last\" style=\"--awb-bg-size:cover;\"><div class=\"fusion-column-wrapper fusion-column-has-shadow fusion-flex-column-wrapper-legacy\"><div class=\"fusion-text fusion-text-1\" style=\"--awb-text-transform:none;\"><div class=\"refs\">\n<h1 class=\"fusion-responsive-typography-calculated\" style=\"--fontsize: 32; line-height: 1.19;\" data-fontsize=\"32\" data-lineheight=\"38px\">Starke Kids<\/h1>\n<\/div>\n<\/div><div class=\"fusion-reading-box-container reading-box-container-1\" style=\"--awb-title-color:#666362;--awb-margin-top:0px;--awb-margin-bottom:35px;\"><div class=\"reading-box\" style=\"background-color:#f6f6f6;border-width:5px;border-color:#f6f6f6;border-bottom-width:5px;border-bottom-color:var(--primary_color);border-style:solid;\"><div class=\"reading-box-additional\">\n<div class=\"page\" title=\"Page 3\">\n<div class=\"layoutArea\">\n<div class=\"column\">\n<p><strong>Potentiale entfalten und Vielfalt erleben<\/strong><br \/>\n<em>Workshops mit Kindern zur F\u00f6rderung von Resilienz<\/em><\/p>\n<\/div>\n<\/div>\n<\/div>\n<\/div><div class=\"fusion-clearfix\"><\/div><\/div><svg style=\"opacity:0.65;\" xmlns=\"http:\/\/www.w3.org\/2000\/svg\" version=\"1.1\" width=\"100%\" viewBox=\"0 0 600 28\" preserveAspectRatio=\"none\"><g clip-path=\"url(#a)\"><mask id=\"b\" style=\"mask-type:luminance\" maskUnits=\"userSpaceOnUse\" x=\"0\" y=\"0\" width=\"600\" height=\"28\"><path d=\"M0 0h600v28H0V0Z\" fill=\"#fff\"\/><\/mask><g filter=\"url(#c)\" mask=\"url(#b)\"><path d=\"M16.439-18.667h567.123v30.8S438.961-8.4 300-8.4C161.04-8.4 16.438 12.133 16.438 12.133v-30.8Z\" fill=\"#000\"\/><\/g><\/g><defs><clipPath id=\"a\"><path fill=\"#fff\" d=\"M0 0h600v28H0z\"\/><\/clipPath><filter id=\"c\" x=\"5.438\" y=\"-29.667\" width=\"589.123\" height=\"52.8\" filterUnits=\"userSpaceOnUse\" color-interpolation-filters=\"sRGB\"><feFlood flood-opacity=\"0\" result=\"BackgroundImageFix\"\/><feBlend in=\"SourceGraphic\" in2=\"BackgroundImageFix\" result=\"shape\"\/><feGaussianBlur stdDeviation=\"5.5\" result=\"effect1_foregroundBlur_3983_183\"\/><\/filter><\/defs><\/svg><\/div><div class=\"fusion-title title fusion-title-1 fusion-title-text fusion-title-size-two\" style=\"--awb-margin-bottom:10px;\"><h2 class=\"fusion-title-heading title-heading-left fusion-responsive-typography-calculated\" style=\"margin:0;--fontSize:20;--minFontSize:20;line-height:1.5;\">Projektbeschreibung<\/h2><span class=\"awb-title-spacer\"><\/span><div class=\"title-sep-container\"><div class=\"title-sep sep-single sep-solid\" style=\"border-color:#e0dede;\"><\/div><\/div><\/div><div class=\"fusion-text fusion-text-2\"><div class=\"page\" title=\"Page 3\">\n<div class=\"layoutArea\">\n<div class=\"column\">\n<p class=\"p1\">Starke und (selbst)sichere Kinder wissen um die eigenen F\u00e4higkeiten, sie erkennen knifflige Situationen und reagieren selbstbewusst. Kindern mit gut ausge-pr\u00e4gter seelischer Widerstandsf\u00e4higkeit (Resilienz) f\u00e4llt es leichter, auf Belastungen, Stress oder ungewohnte Umst\u00e4nde zu reagieren.<span class=\"Apple-converted-space\">\u00a0<\/span><\/p>\n<p class=\"p1\">Die andauernde Pandemie, die Klimakrise und der Krieg in der Ukraine erh\u00f6hen die Belastungen und den Stress, denen Kinder und Jugendliche ausgesetzt sind. Dies kann sich in auff\u00e4lligem Verhalten der Kinder zeigen. Das Gef\u00fchl von mangelnder Selbstwirksamkeit manifestiert sich immer mehr.<\/p>\n<p class=\"p1\">Wichtige soziale Interaktionen konnten in der Pandemie nur eingeschr\u00e4nkt stattfinden und Entwicklungsschritte, die zu selbstbewussten Erwachsenen f\u00fchren, nicht gegangen werden. Die in der Coronapandemie geforderte und von den Kindern und Jugendlichen geleistete \u00dcberangepasstheit erschwert nun eine freie Gestaltung der eigenen Lebenswirklichkeit. Diese Schritte k\u00f6nnen nachgeholt werden.<\/p>\n<p class=\"p2\">Um Kinder dabei zu unterst\u00fctzen, ihre St\u00e4rke und Widerstandsf\u00e4higkeit auszubilden und den Alltag in den entsprechenden Einrichtungen zu entlasten, bietet der Verein \u201eStarkeKids\u201c Kinderg\u00e4rten und Schulen mit Klassen aller Altersstufen Theaterworkshops an, die vor Ort mit den Kindern durchgef\u00fchrt werden. Geleitet werden die Workshops durch erfahrene Theatertherapeut*innen, i. d. R. aus der Region.<\/p>\n<\/div>\n<\/div>\n<\/div>\n<\/div><ul style=\"--awb-size:20px;--awb-iconcolor:#a25255;--awb-line-height:34px;--awb-icon-width:34px;--awb-icon-height:34px;--awb-icon-margin:14px;--awb-content-margin:48px;\" class=\"fusion-checklist fusion-checklist-1 fusion-checklist-default type-icons\"><li class=\"fusion-li-item\" style=\"\"><span class=\"icon-wrapper circle-no\"><i class=\"fusion-li-icon fa-book-open fas\" aria-hidden=\"true\"><\/i><\/span><div class=\"fusion-li-item-content\">\n<p><span style=\"font-size: 16px;\" data-fusion-font=\"true\"><a href=\"https:\/\/www.dgft.de\/wp-content\/uploads\/Flyer-Starke-kids.pdf\" target=\"_blank\" rel=\"noopener noreferrer\">Weitere Informationen (Flyer, pdf)<\/a><\/span><\/p>\n<\/div><\/li><\/ul><div class=\"fusion-title title fusion-title-2 fusion-title-text fusion-title-size-two\" style=\"--awb-margin-top:15px;--awb-margin-bottom:10px;\"><h2 class=\"fusion-title-heading title-heading-left fusion-responsive-typography-calculated\" style=\"margin:0;--fontSize:20;--minFontSize:20;line-height:1.5;\">Projektleitung<\/h2><span class=\"awb-title-spacer\"><\/span><div class=\"title-sep-container\"><div class=\"title-sep sep-single sep-solid\" style=\"border-color:#e0dede;\"><\/div><\/div><\/div><ul style=\"--awb-size:16px;--awb-line-height:27.2px;--awb-icon-width:27.2px;--awb-icon-height:27.2px;--awb-icon-margin:11.2px;--awb-content-margin:38.4px;--awb-circlecolor:#ad4e57;--awb-circle-yes-font-size:14.08px;\" class=\"fusion-checklist fusion-checklist-2 fusion-checklist-default type-icons\"><li class=\"fusion-li-item\" style=\"\"><span class=\"icon-wrapper circle-yes\"><i class=\"fusion-li-icon fa-user fas\" aria-hidden=\"true\"><\/i><\/span><div class=\"fusion-li-item-content\">\n<p>Rebekka Weber<\/p>\n<\/div><\/li><li class=\"fusion-li-item\" style=\"\"><span class=\"icon-wrapper circle-yes\"><i class=\"fusion-li-icon fa-user fas\" aria-hidden=\"true\"><\/i><\/span><div class=\"fusion-li-item-content\">\n<p>Ulrike Schwab de Ribaupierre<\/p>\n<\/div><\/li><\/ul><div class=\"fusion-title title fusion-title-3 fusion-sep-none fusion-title-text fusion-title-size-three\" style=\"--awb-text-color:#515050;--awb-margin-top:15px;--awb-margin-bottom:1px;\"><h3 class=\"fusion-title-heading title-heading-left fusion-responsive-typography-calculated\" style=\"margin:0;--fontSize:16;--minFontSize:16;line-height:1.5;\"><span style=\"text-decoration: underline;\">Wissenschaftliche Begleitung<\/span><\/h3><\/div><ul style=\"--awb-size:16px;--awb-line-height:27.2px;--awb-icon-width:27.2px;--awb-icon-height:27.2px;--awb-icon-margin:11.2px;--awb-content-margin:38.4px;--awb-circlecolor:#ad4e57;--awb-circle-yes-font-size:14.08px;\" class=\"fusion-checklist fusion-checklist-3 fusion-checklist-default type-icons\"><li class=\"fusion-li-item\" style=\"\"><span class=\"icon-wrapper circle-yes\"><i class=\"fusion-li-icon fa-university fas\" aria-hidden=\"true\"><\/i><\/span><div class=\"fusion-li-item-content\">\n<p><strong><a href=\"https:\/\/www.alanus.edu\/de\/hochschule\/menschen\/detail\/sabine-c-koch\" target=\"_blank\" rel=\"noopener\">Prof. Dr. phil. habil. Sabine C. Koch<\/a><\/strong><br \/>\nLeitung Forschungsinstitut f\u00fcr K\u00fcnstlerische Therapien, Professur f\u00fcr Empirische Forschung in den K\u00fcnstlerischen Therapien,<br \/>\nAlanus Hochschule<\/p>\n<\/div><\/li><\/ul><ul style=\"--awb-size:16px;--awb-line-height:27.2px;--awb-icon-width:27.2px;--awb-icon-height:27.2px;--awb-icon-margin:11.2px;--awb-content-margin:38.4px;--awb-circlecolor:#a25255;--awb-circle-yes-font-size:14.08px;\" class=\"fusion-checklist fusion-checklist-4 fusion-checklist-default type-icons\"><li class=\"fusion-li-item\" style=\"\"><span class=\"icon-wrapper circle-yes\"><i class=\"fusion-li-icon fa-globe-europe fas\" aria-hidden=\"true\"><\/i><\/span><div class=\"fusion-li-item-content\">\n<p><a href=\"https:\/\/starkekids.org\/\" target=\"_blank\" rel=\"noopener\">Webseite<\/a><\/p>\n<\/div><\/li><\/ul><div class=\"fusion-clearfix\"><\/div><\/div><\/div><\/div><\/div>\n","protected":false},"excerpt":{"rendered":"<p>Starke Kids Potentiale entfalten und Vielfalt erleben Workshops mit Kindern zur F\u00f6rderung von Resilienz Projektbeschreibung Starke und (selbst)sichere Kinder wissen um die eigenen F\u00e4higkeiten, sie erkennen knifflige Situationen und reagieren selbstbewusst. Kindern mit gut ausge-pr\u00e4gter seelischer Widerstandsf\u00e4higkeit (Resilienz) f\u00e4llt es leichter, auf Belastungen, Stress oder ungewohnte Umst\u00e4nde zu reagieren.\u00a0 Die andauernde Pandemie, die Klimakrise und  [&#8230;]<\/p>\n","protected":false},"author":213,"featured_media":0,"parent":3607,"menu_order":1,"comment_status":"closed","ping_status":"closed","template":"","meta":{"_bbp_topic_count":0,"_bbp_reply_count":0,"_bbp_total_topic_count":0,"_bbp_total_reply_count":0,"_bbp_voice_count":0,"_bbp_anonymous_reply_count":0,"_bbp_topic_count_hidden":0,"_bbp_reply_count_hidden":0,"_bbp_forum_subforum_count":0,"footnotes":""},"class_list":["post-4255","page","type-page","status-publish","hentry"],"_links":{"self":[{"href":"https:\/\/www.dgft.de\/en\/wp-json\/wp\/v2\/pages\/4255","targetHints":{"allow":["GET"]}}],"collection":[{"href":"https:\/\/www.dgft.de\/en\/wp-json\/wp\/v2\/pages"}],"about":[{"href":"https:\/\/www.dgft.de\/en\/wp-json\/wp\/v2\/types\/page"}],"author":[{"embeddable":true,"href":"https:\/\/www.dgft.de\/en\/wp-json\/wp\/v2\/users\/213"}],"replies":[{"embeddable":true,"href":"https:\/\/www.dgft.de\/en\/wp-json\/wp\/v2\/comments?post=4255"}],"version-history":[{"count":8,"href":"https:\/\/www.dgft.de\/en\/wp-json\/wp\/v2\/pages\/4255\/revisions"}],"predecessor-version":[{"id":5005,"href":"https:\/\/www.dgft.de\/en\/wp-json\/wp\/v2\/pages\/4255\/revisions\/5005"}],"up":[{"embeddable":true,"href":"https:\/\/www.dgft.de\/en\/wp-json\/wp\/v2\/pages\/3607"}],"wp:attachment":[{"href":"https:\/\/www.dgft.de\/en\/wp-json\/wp\/v2\/media?parent=4255"}],"curies":[{"name":"wp","href":"https:\/\/api.w.org\/{rel}","templated":true}]}}