{"id":4608,"date":"2023-07-06T10:54:08","date_gmt":"2023-07-06T08:54:08","guid":{"rendered":"https:\/\/www.dgft.de\/?page_id=4608"},"modified":"2026-03-09T20:49:28","modified_gmt":"2026-03-09T19:49:28","slug":"stellenausschreibungen","status":"publish","type":"page","link":"https:\/\/www.dgft.de\/en\/wheredoifind\/jobs\/","title":{"rendered":"Jobs"},"content":{"rendered":"<div class=\"fusion-fullwidth fullwidth-box fusion-builder-row-1 fusion-flex-container nonhundred-percent-fullwidth non-hundred-percent-height-scrolling\" style=\"--awb-border-radius-top-left:0px;--awb-border-radius-top-right:0px;--awb-border-radius-bottom-right:0px;--awb-border-radius-bottom-left:0px;--awb-background-color:rgba(229,229,229,0);--awb-flex-wrap:wrap;--awb-box-shadow: 0px 0px ;\" ><div class=\"fusion-builder-row fusion-row fusion-flex-align-items-flex-start fusion-flex-content-wrap\" style=\"max-width:1144px;margin-left: calc(-4% \/ 2 );margin-right: calc(-4% \/ 2 );\"><div class=\"fusion-layout-column fusion_builder_column fusion-builder-column-0 fusion_builder_column_1_1 1_1 fusion-flex-column\" style=\"--awb-bg-size:cover;--awb-width-large:100%;--awb-margin-top-large:0px;--awb-spacing-right-large:1.92%;--awb-margin-bottom-large:20px;--awb-spacing-left-large:1.92%;--awb-width-medium:100%;--awb-order-medium:0;--awb-spacing-right-medium:1.92%;--awb-spacing-left-medium:1.92%;--awb-width-small:100%;--awb-order-small:0;--awb-spacing-right-small:1.92%;--awb-spacing-left-small:1.92%;\"><div class=\"fusion-column-wrapper fusion-column-has-shadow fusion-flex-justify-content-flex-start fusion-content-layout-column\"><div class=\"fusion-title title fusion-title-1 fusion-sep-none fusion-title-text fusion-title-size-one\"><h1 class=\"fusion-title-heading title-heading-left fusion-responsive-typography-calculated\" style=\"margin:0;--fontSize:32;line-height:1.2;\"><h1 style=\"color: #31388c;\">Job Advertisements<\/h1><\/h1><\/div><div class=\"fusion-blog-shortcode fusion-blog-shortcode-1 fusion-blog-archive fusion-blog-layout-grid-wrapper fusion-blog-no fusion-blog-no-images\" style=\"--awb-title-font-size:20px;--awb-title-line-height:var(--awb-typography2-line-height);--awb-title-letter-spacing:var(--awb-typography2-letter-spacing);\"><style type=\"text\/css\">.fusion-blog-shortcode-1 .fusion-blog-layout-grid .fusion-post-grid{padding:20px;}.fusion-blog-shortcode-1 .fusion-posts-container{margin-left: -20px !important; margin-right:-20px !important;}<\/style><div class=\"fusion-posts-container fusion-posts-container-no fusion-blog-layout-grid fusion-blog-layout-grid-1 isotope\" data-pages=\"0\" data-grid-col-space=\"40\" style=\"margin: -20px -20px 0;min-height:500px;\"><article id=\"blog-1-post-5450\" class=\"fusion-post-grid post-5450 post type-post status-publish format-standard hentry category-frontnews category-news category-stellen\">\n<div class=\"fusion-post-wrapper\" style=\"background-color:rgba(244,244,244,1);border:1px solid #ebeaea;border-bottom-width:3px;\"><div class=\"fusion-post-content-wrapper\" style=\"padding:20 10 10 10;\"><div class=\"fusion-post-content post-content\"><p class=\"fusion-single-line-meta\"><span class=\"vcard\" style=\"display: none;\"><span class=\"fn\"><a href=\"https:\/\/www.dgft.de\/en\/author\/sylviascholz\/\" title=\"Posts by Sylvia Scholz\" rel=\"author\">Sylvia Scholz<\/a><\/span><\/span><span class=\"updated\" style=\"display:none;\">2026-03-16T21:19:14+01:00<\/span><span>March 16th, 2026<\/span><span class=\"fusion-inline-sep\">|<\/span><\/p><div class=\"fusion-post-content-container\"><div class=\"fusion-fullwidth fullwidth-box fusion-builder-row-1-1 fusion-flex-container has-pattern-background has-mask-background nonhundred-percent-fullwidth non-hundred-percent-height-scrolling\" style=\"--awb-border-radius-top-left:0px;--awb-border-radius-top-right:0px;--awb-border-radius-bottom-right:0px;--awb-border-radius-bottom-left:0px;--awb-flex-wrap:wrap;\" ><div class=\"fusion-builder-row fusion-row fusion-flex-align-items-flex-start fusion-flex-content-wrap\" style=\"width:104% !important;max-width:104% !important;margin-left: calc(-4% \/ 2 );margin-right: calc(-4% \/ 2 );\"><div class=\"fusion-layout-column fusion_builder_column fusion-builder-column-1 fusion_builder_column_1_1 1_1 fusion-flex-column\" style=\"--awb-bg-size:cover;--awb-width-large:100%;--awb-flex-grow:0;--awb-flex-shrink:0;--awb-margin-top-large:0px;--awb-spacing-right-large:1.92%;--awb-margin-bottom-large:20px;--awb-spacing-left-large:1.92%;--awb-width-medium:100%;--awb-order-medium:0;--awb-flex-grow-medium:0;--awb-flex-shrink-medium:0;--awb-spacing-right-medium:1.92%;--awb-spacing-left-medium:1.92%;--awb-width-small:100%;--awb-order-small:0;--awb-flex-grow-small:0;--awb-flex-shrink-small:0;--awb-spacing-right-small:1.92%;--awb-spacing-left-small:1.92%;\"><div class=\"fusion-column-wrapper fusion-column-has-shadow fusion-flex-justify-content-flex-start fusion-content-layout-column\"><div class=\"fusion-text fusion-text-1\"><h3>Stellenausschreibung Heiligenfeld Klinik Bad Kissingen<\/h3>\n<p>Die\u00a0Heiligenfeld Klinik Bad Kissingen\u00a0besetzt zum 01.04.2026 eine Stelle als Fachtherapeut (m\/w\/d) mit einem Stellenumfang von 75%.<\/p>\n<p>Heiligenfeld ist eine werteorientierte und innovative Klinikgruppe mit Hauptsitz in Bad Kissingen. Sie betreiben 9 Kliniken an 5 Standorten und besch\u00e4ftigen ca. 985 Mitarbeitende. Seit \u00fcber 35 Jahren leben sie eine ausgepr\u00e4gte Patienten- und Mitarbeiterorientierung in ihren Kliniken und wurden daf\u00fcr mehrfach ausgezeichnet.<\/p>\n<p>Die Fachklinik Heiligenfeld ist eine Klinik f\u00fcr psychosomatische Krankenhausbehandlung. Die medizinisch-therapeutische Behandlung ist in der Fachklinik Heiligenfeld nach einem ganzheitlichen, integrativen und menschlichen Therapiekonzept gestaltet, das alle Ebenen der Person einbezieht.<\/p>\n<p>Die vollst\u00e4ndige Stellenausschreibung mit allen relevanten Informationen finden Sie \u00fcber folgenden Link der Klinik-Website:<\/p>\n<p><a href=\"https:\/\/www.heiligenfeld.de\/stellen\/fachtherapeut-bad-kissingen-62062419\">https:\/\/www.heiligenfeld.de\/stellen\/fachtherapeut-bad-kissingen-62062419<\/a><\/p>\n<\/div><\/div><\/div><\/div><\/div>\n<\/div><\/div><\/div><div class=\"fusion-clearfix\"><\/div><\/div>\n<\/article>\n<article id=\"blog-1-post-5446\" class=\"fusion-post-grid post-5446 post type-post status-publish format-standard hentry category-frontnews category-news category-stellen\">\n<div class=\"fusion-post-wrapper\" style=\"background-color:rgba(244,244,244,1);border:1px solid #ebeaea;border-bottom-width:3px;\"><div class=\"fusion-post-content-wrapper\" style=\"padding:20 10 10 10;\"><div class=\"fusion-post-content post-content\"><p class=\"fusion-single-line-meta\"><span class=\"vcard\" style=\"display: none;\"><span class=\"fn\"><a href=\"https:\/\/www.dgft.de\/en\/author\/sylviascholz\/\" title=\"Posts by Sylvia Scholz\" rel=\"author\">Sylvia Scholz<\/a><\/span><\/span><span class=\"updated\" style=\"display:none;\">2026-03-13T22:31:15+01:00<\/span><span>March 13th, 2026<\/span><span class=\"fusion-inline-sep\">|<\/span><\/p><div class=\"fusion-post-content-container\"><div class=\"fusion-fullwidth fullwidth-box fusion-builder-row-1-2 fusion-flex-container has-pattern-background has-mask-background nonhundred-percent-fullwidth non-hundred-percent-height-scrolling\" style=\"--awb-border-radius-top-left:0px;--awb-border-radius-top-right:0px;--awb-border-radius-bottom-right:0px;--awb-border-radius-bottom-left:0px;--awb-flex-wrap:wrap;\" ><div class=\"fusion-builder-row fusion-row fusion-flex-align-items-flex-start fusion-flex-content-wrap\" style=\"width:104% !important;max-width:104% !important;margin-left: calc(-4% \/ 2 );margin-right: calc(-4% \/ 2 );\"><div class=\"fusion-layout-column fusion_builder_column fusion-builder-column-2 fusion_builder_column_1_1 1_1 fusion-flex-column\" style=\"--awb-bg-size:cover;--awb-width-large:100%;--awb-flex-grow:0;--awb-flex-shrink:0;--awb-margin-top-large:0px;--awb-spacing-right-large:1.92%;--awb-margin-bottom-large:20px;--awb-spacing-left-large:1.92%;--awb-width-medium:100%;--awb-order-medium:0;--awb-flex-grow-medium:0;--awb-flex-shrink-medium:0;--awb-spacing-right-medium:1.92%;--awb-spacing-left-medium:1.92%;--awb-width-small:100%;--awb-order-small:0;--awb-flex-grow-small:0;--awb-flex-shrink-small:0;--awb-spacing-right-small:1.92%;--awb-spacing-left-small:1.92%;\"><div class=\"fusion-column-wrapper fusion-column-has-shadow fusion-flex-justify-content-flex-start fusion-content-layout-column\"><div class=\"fusion-text fusion-text-2\"><h3>Stellenausschreibung LVR-Klinik Bedburg-Hau<\/h3>\n<p>Die Abteilung Kinder- und Jugendtherapie in der LVR-Klinik Bedburg-Hau sucht Besch\u00e4ftigte*r (m\/w\/d) in der K\u00fcnstlerischen Therapie KJPP.<\/p>\n<h4 class=\"headline\">Das sind Ihre Aufgaben<\/h4>\n<p>Sie werden im Bereich der Kinder- und Jugendpsychiatrie eingesetzt und sind f\u00fcr die k\u00fcnsterlisch-therapeutische Diagnostik und Behandlung von Jugendlichen im Alter von 12 bis 18 Jahren zust\u00e4ndig, die wegen einer kinder- und jugendpsychiatrischen Krankheit oder St\u00f6rung einer offenen oder geschlossenen vollstation\u00e4ren Diagnostik oder Behandlung bed\u00fcrfen.<\/p>\n<p>Ausserdem werden Sie in der neuen Stations\u00e4quivalenten Behandlung (St\u00e4B) der Kinder- und Jugendpsychiatrie eingesetzt. Dabei behandeln Sie Patient*innen die dringend Hilfe ben\u00f6tigen, aber aus verschiedenen Gr\u00fcnden nicht im klinischen Setting aufgenommen werden k\u00f6nnen. Die Behandlung findet dann bei den Patient*innen zu Hause statt.<\/p>\n<p>Das prim\u00e4re Aufgabenfeld des Besch\u00e4ftigten in der K\u00fcnstlerischen Therapie in unserer Klinik umfasst die Erstellung des therapeutischen Behandlungsplanes, die therapeutische Diagnose und Behandlung der Patientinnen und Patienten und die schriftliche sowie m\u00fcndliche Dokumentation an das multidisziplin\u00e4re Team der Stationen.<\/p>\n<p>Als Besch\u00e4ftigte*r in der K\u00fcnstlerischen Therapie sind Sie der Abteilung Spezialtherapien im Krankenhausbereich unterstellt, die sich aus 32 Ergo- und K\u00fcnstlerischen Therapeut*innen zusammensetzt.<\/p>\n<p>Die Mitarbeit an konzeptionellen Ausarbeitungen sowie die Entwicklung der eigenen Profession auf inhaltlicher Ebene, geh\u00f6ren ebenso zu Ihren Aufgaben wie die Begleitung von Studierenden.<\/p>\n<p>Die vollst\u00e4ndige Stellenausschreibung mit allen relevanten Informationen finden \u00fcber folgenden Link der Klinik-Website:<\/p>\n<p><a href=\"https:\/\/jobs.lvr.de\/index.php?ac=jobad&amp;id=19016\">https:\/\/jobs.lvr.de\/index.php?ac=jobad&amp;id=19016<\/a><\/p>\n<\/div><\/div><\/div><\/div><\/div>\n<\/div><\/div><\/div><div class=\"fusion-clearfix\"><\/div><\/div>\n<\/article>\n<article id=\"blog-1-post-5409\" class=\"fusion-post-grid post-5409 post type-post status-publish format-standard hentry category-frontnews category-news category-stellen\">\n<div class=\"fusion-post-wrapper\" style=\"background-color:rgba(244,244,244,1);border:1px solid #ebeaea;border-bottom-width:3px;\"><div class=\"fusion-post-content-wrapper\" style=\"padding:20 10 10 10;\"><div class=\"fusion-post-content post-content\"><p class=\"fusion-single-line-meta\"><span class=\"vcard\" style=\"display: none;\"><span class=\"fn\"><a href=\"https:\/\/www.dgft.de\/en\/author\/sylviascholz\/\" title=\"Posts by Sylvia Scholz\" rel=\"author\">Sylvia Scholz<\/a><\/span><\/span><span class=\"updated\" style=\"display:none;\">2026-02-18T17:44:27+01:00<\/span><span>February 18th, 2026<\/span><span class=\"fusion-inline-sep\">|<\/span><\/p><div class=\"fusion-post-content-container\"><div class=\"fusion-fullwidth fullwidth-box fusion-builder-row-1-3 fusion-flex-container has-pattern-background has-mask-background nonhundred-percent-fullwidth non-hundred-percent-height-scrolling\" style=\"--awb-border-radius-top-left:0px;--awb-border-radius-top-right:0px;--awb-border-radius-bottom-right:0px;--awb-border-radius-bottom-left:0px;--awb-flex-wrap:wrap;\" ><div class=\"fusion-builder-row fusion-row fusion-flex-align-items-flex-start fusion-flex-content-wrap\" style=\"width:104% !important;max-width:104% !important;margin-left: calc(-4% \/ 2 );margin-right: calc(-4% \/ 2 );\"><div class=\"fusion-layout-column fusion_builder_column fusion-builder-column-3 fusion_builder_column_1_1 1_1 fusion-flex-column\" style=\"--awb-bg-size:cover;--awb-width-large:100%;--awb-flex-grow:0;--awb-flex-shrink:0;--awb-margin-top-large:0px;--awb-spacing-right-large:1.92%;--awb-margin-bottom-large:20px;--awb-spacing-left-large:1.92%;--awb-width-medium:100%;--awb-order-medium:0;--awb-flex-grow-medium:0;--awb-flex-shrink-medium:0;--awb-spacing-right-medium:1.92%;--awb-spacing-left-medium:1.92%;--awb-width-small:100%;--awb-order-small:0;--awb-flex-grow-small:0;--awb-flex-shrink-small:0;--awb-spacing-right-small:1.92%;--awb-spacing-left-small:1.92%;\"><div class=\"fusion-column-wrapper fusion-column-has-shadow fusion-flex-justify-content-flex-start fusion-content-layout-column\"><div class=\"fusion-text fusion-text-3\"><h3>Stellenausschreibung Klinik Hohe Mark in Oberursel<\/h3>\n<p>Die Klinik Hohe Mark in Oberursel sucht zum n\u00e4chstm\u00f6glichen Zeitpunkt f\u00fcr die Abteilung Ergo- und Kreativtherapie ein\/e engagierte Theatertherapeut*in (m\/w\/d) f\u00fcr zwei psychotherapeutische Stationen in Teilzeit (unbefristet). Die DGD Klinik Hohe Mark gGmbH ist ein Krankenhaus f\u00fcr Psychiatrie, Psychotherapie, Psychosomatik und Suchtmedizin mit 259 Betten sowie 30 tagesklinischen Pl\u00e4tzen, einer Institutsambulanz und einer TagesReha f\u00fcr Abh\u00e4ngigkeitserkrankungen. Dar\u00fcber hinaus sind ist die Klinik Hohe Mark auch Lehrklinik f\u00fcr Psychotherapie des FB05 der Johann Wolfgang-Goethe-Universit\u00e4t Frankfurt. Durch ihre Arbeit gestalten sie ein diakonisches Profil. Sie suchen daher Mitarbeitende, die ihre Aufgabe fachlich kompetent und christlich motiviert ausf\u00fchren.<\/p>\n<p>Die vollst\u00e4ndige Stellenausschreibung mit allen relevanten Informationen finden \u00fcber folgenden Link der Klinik-Website:<\/p>\n<p><a href=\"https:\/\/karriere.dgd-stiftung.de\/jobposting\/f2cd387e63e60c1d39f1d3c1f8c003309787b59b0\">https:\/\/karriere.dgd-stiftung.de\/jobposting\/f2cd387e63e60c1d39f1d3c1f8c003309787b59b0<\/a><\/p>\n<\/div><\/div><\/div><\/div><\/div>\n<\/div><\/div><\/div><div class=\"fusion-clearfix\"><\/div><\/div>\n<\/article>\n<article id=\"blog-1-post-5302\" class=\"fusion-post-grid post-5302 post type-post status-publish format-standard hentry category-frontnews category-news category-stellen\">\n<div class=\"fusion-post-wrapper\" style=\"background-color:rgba(244,244,244,1);border:1px solid #ebeaea;border-bottom-width:3px;\"><div class=\"fusion-post-content-wrapper\" style=\"padding:20 10 10 10;\"><div class=\"fusion-post-content post-content\"><p class=\"fusion-single-line-meta\"><span class=\"vcard\" style=\"display: none;\"><span class=\"fn\"><a href=\"https:\/\/www.dgft.de\/en\/author\/sylviascholz\/\" title=\"Posts by Sylvia Scholz\" rel=\"author\">Sylvia Scholz<\/a><\/span><\/span><span class=\"updated\" style=\"display:none;\">2025-08-20T10:23:28+02:00<\/span><span>August 20th, 2025<\/span><span class=\"fusion-inline-sep\">|<\/span><\/p><div class=\"fusion-post-content-container\"><div class=\"fusion-fullwidth fullwidth-box fusion-builder-row-1-4 fusion-flex-container nonhundred-percent-fullwidth non-hundred-percent-height-scrolling\" style=\"--awb-border-radius-top-left:0px;--awb-border-radius-top-right:0px;--awb-border-radius-bottom-right:0px;--awb-border-radius-bottom-left:0px;--awb-flex-wrap:wrap;\" ><div class=\"fusion-builder-row fusion-row fusion-flex-align-items-flex-start fusion-flex-content-wrap\" style=\"width:104% !important;max-width:104% !important;margin-left: calc(-4% \/ 2 );margin-right: calc(-4% \/ 2 );\"><div class=\"fusion-layout-column fusion_builder_column fusion-builder-column-4 fusion_builder_column_1_1 1_1 fusion-flex-column\" style=\"--awb-bg-size:cover;--awb-width-large:100%;--awb-flex-grow:0;--awb-flex-shrink:0;--awb-margin-top-large:0px;--awb-spacing-right-large:1.92%;--awb-margin-bottom-large:0px;--awb-spacing-left-large:1.92%;--awb-width-medium:100%;--awb-flex-grow-medium:0;--awb-flex-shrink-medium:0;--awb-spacing-right-medium:1.92%;--awb-spacing-left-medium:1.92%;--awb-width-small:100%;--awb-flex-grow-small:0;--awb-flex-shrink-small:0;--awb-spacing-right-small:1.92%;--awb-spacing-left-small:1.92%;\"><div class=\"fusion-column-wrapper fusion-flex-justify-content-flex-start fusion-content-layout-column\"><div class=\"fusion-text fusion-text-4\"><h3>Stellenausschreibung Klinik am Waldschl\u00f6sschen<\/h3>\n<p>Die Klinik am Waldschl\u00f6\u00dfchen in Dresden sucht f\u00fcr die Erweiterung ihres Teams ein\/e <strong>K\u00f6rperpsychotherapeut*in (m\/w\/d)<\/strong> mit traumatherapeutischer Ausrichtung &amp; ein\/e\u00a0<strong>Psychodramatherapeut*in (m\/w\/d)<\/strong>. Die Klinik ist eine renommierte Psychosomatische Fachklinik, deren Schwerpunkt in der Behandlung des gesamten Spektrums psychischer Traumafolgest\u00f6rungen \u2013 etwa nach sexualisierter oder k\u00f6rperlicher Gewalt, aber auch nach berufsbedingten Traumatisierungen liegt. Die Behandlung basiert auf einer intensiven, spezifischen Einzeltherapie sowie gruppentherapeutischen Angeboten und wird durch ein multiprofessionelles Team getragen. Ein umfangreiches nonverbales Therapieangebot mit wahrnehmungsf\u00f6rdernden, erlebniszentrierenden und ressourcenorientierenden \u2013 Therapieverfahren im Gruppen- und Einzelsetting pr\u00e4gt das integrative Therapiekonzept.\u00a0Mit derzeit 82 station\u00e4ren Behandlungspl\u00e4tzen und einer zugeh\u00f6rigen Traumaambulanz liegt die Klinik mitten in der Elbmetropole Dresden \u2013 ruhig und gesch\u00fctzt im historischen Waldschl\u00f6\u00dfchenareal.<\/p>\n<p>Mehr \u00fcber die Stelle auf der <a href=\"https:\/\/www.klinik-waldschloesschen.de\/profil\/stellenangebote\/psychologisches-personal\/\" target=\"_blank\" rel=\"noopener\">Webseite der Klinik<\/a><\/p>\n<\/div><\/div><\/div><\/div><\/div>\n<\/div><\/div><\/div><div class=\"fusion-clearfix\"><\/div><\/div>\n<\/article>\n<div class=\"fusion-clearfix\"><\/div><\/div><\/div><\/div><\/div><\/div><\/div>\n","protected":false},"excerpt":{"rendered":"<p>Stellenausschreibung Klinik am Waldschl\u00f6sschen Die Klinik am Waldschl\u00f6\u00dfchen in Dresden sucht f\u00fcr die Erweiterung ihres Teams ein\/e K\u00f6rperpsychotherapeut*in (m\/w\/d) mit traumatherapeutischer Ausrichtung &amp; ein\/e\u00a0Psychodramatherapeut*in (m\/w\/d). Die Klinik ist eine renommierte Psychosomatische Fachklinik, deren Schwerpunkt in der Behandlung des gesamten Spektrums psychischer Traumafolgest\u00f6rungen \u2013 etwa nach sexualisierter oder k\u00f6rperlicher Gewalt, aber auch nach berufsbedingten Traumatisierungen liegt.  [&#8230;]<\/p>\n","protected":false},"author":213,"featured_media":0,"parent":891,"menu_order":5,"comment_status":"closed","ping_status":"closed","template":"","meta":{"_bbp_topic_count":0,"_bbp_reply_count":0,"_bbp_total_topic_count":0,"_bbp_total_reply_count":0,"_bbp_voice_count":0,"_bbp_anonymous_reply_count":0,"_bbp_topic_count_hidden":0,"_bbp_reply_count_hidden":0,"_bbp_forum_subforum_count":0,"footnotes":""},"class_list":["post-4608","page","type-page","status-publish","hentry"],"_links":{"self":[{"href":"https:\/\/www.dgft.de\/en\/wp-json\/wp\/v2\/pages\/4608","targetHints":{"allow":["GET"]}}],"collection":[{"href":"https:\/\/www.dgft.de\/en\/wp-json\/wp\/v2\/pages"}],"about":[{"href":"https:\/\/www.dgft.de\/en\/wp-json\/wp\/v2\/types\/page"}],"author":[{"embeddable":true,"href":"https:\/\/www.dgft.de\/en\/wp-json\/wp\/v2\/users\/213"}],"replies":[{"embeddable":true,"href":"https:\/\/www.dgft.de\/en\/wp-json\/wp\/v2\/comments?post=4608"}],"version-history":[{"count":6,"href":"https:\/\/www.dgft.de\/en\/wp-json\/wp\/v2\/pages\/4608\/revisions"}],"predecessor-version":[{"id":5445,"href":"https:\/\/www.dgft.de\/en\/wp-json\/wp\/v2\/pages\/4608\/revisions\/5445"}],"up":[{"embeddable":true,"href":"https:\/\/www.dgft.de\/en\/wp-json\/wp\/v2\/pages\/891"}],"wp:attachment":[{"href":"https:\/\/www.dgft.de\/en\/wp-json\/wp\/v2\/media?parent=4608"}],"curies":[{"name":"wp","href":"https:\/\/api.w.org\/{rel}","templated":true}]}}